{"id":564,"date":"2022-07-15T09:41:02","date_gmt":"2022-07-15T07:41:02","guid":{"rendered":"https:\/\/bpf.flaw.uniba.sk\/?page_id=564"},"modified":"2023-06-19T10:20:36","modified_gmt":"2023-06-19T08:20:36","slug":"sekcia-ustavneho-prava-2","status":"publish","type":"page","link":"https:\/\/bpf2023.flaw.uniba.sk\/en\/sekcia-ustavneho-prava-2\/","title":{"rendered":"Constitutional Law section"},"content":{"rendered":"<h2 class=\"wp-block-heading alignwide has-text-align-left\">State as a Protector and Violator of Individual Rights<\/h2>\n\n\n\n<p class=\"has-drop-cap\">The reasons for existence of a modern state and a constitution as its legal basis have to be sought mainly in the effort to ensure the protection of individual rights and freedoms, not only through catalogues of human rights, but especially through their institutional guarantees. However, the state, especially its bodies, is also a violator of human rights which it has pledged to protect. Therefore, the constitutional law section welcomes papers dedicated to fundamental rights and freedoms that the Slovak Republic has undertaken to respect, whether through the Constitution or international obligations, as well as papers focused on institutional issues of the constitutional system of the Slovak Republic related to the protection of fundamental rights and freedoms. Of course, papers approaching the described questions in foreign law, as well as contributions of a comparative nature, are also welcome.<\/p>\n\n\n\n<p><strong>Guarantors of the section: <\/strong><\/p>\n\n\n\n<p>prof. JUDr. Tom\u00e1\u0161 \u013dal\u00edk, PhD.<\/p>\n\n\n\n<p>doc. JUDr. Marek Domin, PhD.<\/p>","protected":false},"excerpt":{"rendered":"<p>\u0160t\u00e1t ako ochranca i poru\u0161ovate\u013e pr\u00e1v jednotlivca D\u00f4vody existencie modern\u00e9ho \u0161t\u00e1tu a \u00fastavy ako jeho pr\u00e1vneho z\u00e1kladu treba h\u013eada\u0165 najm\u00e4 v snahe zabezpe\u010di\u0165 ochranu pr\u00e1v jednotlivca, a to nielen prostredn\u00edctvom jednotliv\u00fdch katal\u00f3gov \u013eudsk\u00fdch pr\u00e1v, ale aj prostredn\u00edctvom ich in\u0161titucion\u00e1lnych garanci\u00ed. \u0160t\u00e1t, najm\u00e4 jeho org\u00e1ny, v\u0161ak s\u00fa\u010dasne predstavuje aj poru\u0161ovate\u013ea \u013eudsk\u00fdch pr\u00e1v, ktor\u00e9 sa s\u00e1m zaviazal [&hellip;]<\/p>\n","protected":false},"author":2,"featured_media":0,"parent":0,"menu_order":0,"comment_status":"closed","ping_status":"closed","template":"","meta":{"ngg_post_thumbnail":0,"footnotes":""},"class_list":["post-564","page","type-page","status-publish","hentry"],"yoast_head":"<!-- This site is optimized with the Yoast SEO plugin v27.2 - https:\/\/yoast.com\/product\/yoast-seo-wordpress\/ -->\n<title>Sekcia \u00fastavn\u00e9ho pr\u00e1va - BPF<\/title>\n<meta name=\"robots\" content=\"index, follow, max-snippet:-1, max-image-preview:large, max-video-preview:-1\" \/>\n<link rel=\"canonical\" href=\"https:\/\/bpf2023.flaw.uniba.sk\/en\/sekcia-ustavneho-prava-2\/\" \/>\n<meta property=\"og:locale\" content=\"en_US\" \/>\n<meta property=\"og:type\" content=\"article\" \/>\n<meta property=\"og:title\" content=\"Sekcia \u00fastavn\u00e9ho pr\u00e1va - BPF\" \/>\n<meta property=\"og:description\" content=\"\u0160t\u00e1t ako ochranca i poru\u0161ovate\u013e pr\u00e1v jednotlivca D\u00f4vody existencie modern\u00e9ho \u0161t\u00e1tu a \u00fastavy ako jeho pr\u00e1vneho z\u00e1kladu treba h\u013eada\u0165 najm\u00e4 v snahe zabezpe\u010di\u0165 ochranu pr\u00e1v jednotlivca, a to nielen prostredn\u00edctvom jednotliv\u00fdch katal\u00f3gov \u013eudsk\u00fdch pr\u00e1v, ale aj prostredn\u00edctvom ich in\u0161titucion\u00e1lnych garanci\u00ed. \u0160t\u00e1t, najm\u00e4 jeho org\u00e1ny, v\u0161ak s\u00fa\u010dasne predstavuje aj poru\u0161ovate\u013ea \u013eudsk\u00fdch pr\u00e1v, ktor\u00e9 sa s\u00e1m zaviazal [&hellip;]\" \/>\n<meta property=\"og:url\" content=\"https:\/\/bpf2023.flaw.uniba.sk\/en\/sekcia-ustavneho-prava-2\/\" \/>\n<meta property=\"og:site_name\" content=\"BPF\" \/>\n<meta property=\"article:modified_time\" content=\"2023-06-19T08:20:36+00:00\" \/>\n<meta name=\"twitter:card\" content=\"summary_large_image\" \/>\n<meta name=\"twitter:label1\" content=\"Est. reading time\" \/>\n\t<meta name=\"twitter:data1\" content=\"1 minute\" \/>\n<script type=\"application\/ld+json\" class=\"yoast-schema-graph\">{\"@context\":\"https:\/\/schema.org\",\"@graph\":[{\"@type\":\"WebPage\",\"@id\":\"https:\/\/bpf2023.flaw.uniba.sk\/sekcia-ustavneho-prava-2\/\",\"url\":\"https:\/\/bpf2023.flaw.uniba.sk\/sekcia-ustavneho-prava-2\/\",\"name\":\"Sekcia \u00fastavn\u00e9ho pr\u00e1va - BPF\",\"isPartOf\":{\"@id\":\"https:\/\/bpf2023.flaw.uniba.sk\/#website\"},\"datePublished\":\"2022-07-15T07:41:02+00:00\",\"dateModified\":\"2023-06-19T08:20:36+00:00\",\"breadcrumb\":{\"@id\":\"https:\/\/bpf2023.flaw.uniba.sk\/sekcia-ustavneho-prava-2\/#breadcrumb\"},\"inLanguage\":\"en-US\",\"potentialAction\":[{\"@type\":\"ReadAction\",\"target\":[\"https:\/\/bpf2023.flaw.uniba.sk\/sekcia-ustavneho-prava-2\/\"]}]},{\"@type\":\"BreadcrumbList\",\"@id\":\"https:\/\/bpf2023.flaw.uniba.sk\/sekcia-ustavneho-prava-2\/#breadcrumb\",\"itemListElement\":[{\"@type\":\"ListItem\",\"position\":1,\"name\":\"Home\",\"item\":\"https:\/\/bpf2023.flaw.uniba.sk\/\"},{\"@type\":\"ListItem\",\"position\":2,\"name\":\"Sekcia \u00fastavn\u00e9ho pr\u00e1va\"}]},{\"@type\":\"WebSite\",\"@id\":\"https:\/\/bpf2023.flaw.uniba.sk\/#website\",\"url\":\"https:\/\/bpf2023.flaw.uniba.sk\/\",\"name\":\"BPF\",\"description\":\"\",\"publisher\":{\"@id\":\"https:\/\/bpf2023.flaw.uniba.sk\/#organization\"},\"potentialAction\":[{\"@type\":\"SearchAction\",\"target\":{\"@type\":\"EntryPoint\",\"urlTemplate\":\"https:\/\/bpf2023.flaw.uniba.sk\/?s={search_term_string}\"},\"query-input\":{\"@type\":\"PropertyValueSpecification\",\"valueRequired\":true,\"valueName\":\"search_term_string\"}}],\"inLanguage\":\"en-US\"},{\"@type\":\"Organization\",\"@id\":\"https:\/\/bpf2023.flaw.uniba.sk\/#organization\",\"name\":\"BPF\",\"url\":\"https:\/\/bpf2023.flaw.uniba.sk\/\",\"logo\":{\"@type\":\"ImageObject\",\"inLanguage\":\"en-US\",\"@id\":\"https:\/\/bpf2023.flaw.uniba.sk\/#\/schema\/logo\/image\/\",\"url\":\"https:\/\/bpf2023.flaw.uniba.sk\/wp-content\/uploads\/2023\/02\/sk-bpf-cb.png\",\"contentUrl\":\"https:\/\/bpf2023.flaw.uniba.sk\/wp-content\/uploads\/2023\/02\/sk-bpf-cb.png\",\"width\":3149,\"height\":1061,\"caption\":\"BPF\"},\"image\":{\"@id\":\"https:\/\/bpf2023.flaw.uniba.sk\/#\/schema\/logo\/image\/\"}}]}<\/script>\n<!-- \/ Yoast SEO plugin. -->","yoast_head_json":{"title":"Sekcia \u00fastavn\u00e9ho pr\u00e1va - BPF","robots":{"index":"index","follow":"follow","max-snippet":"max-snippet:-1","max-image-preview":"max-image-preview:large","max-video-preview":"max-video-preview:-1"},"canonical":"https:\/\/bpf2023.flaw.uniba.sk\/en\/sekcia-ustavneho-prava-2\/","og_locale":"en_US","og_type":"article","og_title":"Sekcia \u00fastavn\u00e9ho pr\u00e1va - BPF","og_description":"\u0160t\u00e1t ako ochranca i poru\u0161ovate\u013e pr\u00e1v jednotlivca D\u00f4vody existencie modern\u00e9ho \u0161t\u00e1tu a \u00fastavy ako jeho pr\u00e1vneho z\u00e1kladu treba h\u013eada\u0165 najm\u00e4 v snahe zabezpe\u010di\u0165 ochranu pr\u00e1v jednotlivca, a to nielen prostredn\u00edctvom jednotliv\u00fdch katal\u00f3gov \u013eudsk\u00fdch pr\u00e1v, ale aj prostredn\u00edctvom ich in\u0161titucion\u00e1lnych garanci\u00ed. \u0160t\u00e1t, najm\u00e4 jeho org\u00e1ny, v\u0161ak s\u00fa\u010dasne predstavuje aj poru\u0161ovate\u013ea \u013eudsk\u00fdch pr\u00e1v, ktor\u00e9 sa s\u00e1m zaviazal [&hellip;]","og_url":"https:\/\/bpf2023.flaw.uniba.sk\/en\/sekcia-ustavneho-prava-2\/","og_site_name":"BPF","article_modified_time":"2023-06-19T08:20:36+00:00","twitter_card":"summary_large_image","twitter_misc":{"Est. reading time":"1 minute"},"schema":{"@context":"https:\/\/schema.org","@graph":[{"@type":"WebPage","@id":"https:\/\/bpf2023.flaw.uniba.sk\/sekcia-ustavneho-prava-2\/","url":"https:\/\/bpf2023.flaw.uniba.sk\/sekcia-ustavneho-prava-2\/","name":"Sekcia \u00fastavn\u00e9ho pr\u00e1va - BPF","isPartOf":{"@id":"https:\/\/bpf2023.flaw.uniba.sk\/#website"},"datePublished":"2022-07-15T07:41:02+00:00","dateModified":"2023-06-19T08:20:36+00:00","breadcrumb":{"@id":"https:\/\/bpf2023.flaw.uniba.sk\/sekcia-ustavneho-prava-2\/#breadcrumb"},"inLanguage":"en-US","potentialAction":[{"@type":"ReadAction","target":["https:\/\/bpf2023.flaw.uniba.sk\/sekcia-ustavneho-prava-2\/"]}]},{"@type":"BreadcrumbList","@id":"https:\/\/bpf2023.flaw.uniba.sk\/sekcia-ustavneho-prava-2\/#breadcrumb","itemListElement":[{"@type":"ListItem","position":1,"name":"Home","item":"https:\/\/bpf2023.flaw.uniba.sk\/"},{"@type":"ListItem","position":2,"name":"Sekcia \u00fastavn\u00e9ho pr\u00e1va"}]},{"@type":"WebSite","@id":"https:\/\/bpf2023.flaw.uniba.sk\/#website","url":"https:\/\/bpf2023.flaw.uniba.sk\/","name":"BLF","description":"","publisher":{"@id":"https:\/\/bpf2023.flaw.uniba.sk\/#organization"},"potentialAction":[{"@type":"SearchAction","target":{"@type":"EntryPoint","urlTemplate":"https:\/\/bpf2023.flaw.uniba.sk\/?s={search_term_string}"},"query-input":{"@type":"PropertyValueSpecification","valueRequired":true,"valueName":"search_term_string"}}],"inLanguage":"en-US"},{"@type":"Organization","@id":"https:\/\/bpf2023.flaw.uniba.sk\/#organization","name":"BLF","url":"https:\/\/bpf2023.flaw.uniba.sk\/","logo":{"@type":"ImageObject","inLanguage":"en-US","@id":"https:\/\/bpf2023.flaw.uniba.sk\/#\/schema\/logo\/image\/","url":"https:\/\/bpf2023.flaw.uniba.sk\/wp-content\/uploads\/2023\/02\/sk-bpf-cb.png","contentUrl":"https:\/\/bpf2023.flaw.uniba.sk\/wp-content\/uploads\/2023\/02\/sk-bpf-cb.png","width":3149,"height":1061,"caption":"BPF"},"image":{"@id":"https:\/\/bpf2023.flaw.uniba.sk\/#\/schema\/logo\/image\/"}}]}},"_links":{"self":[{"href":"https:\/\/bpf2023.flaw.uniba.sk\/en\/wp-json\/wp\/v2\/pages\/564","targetHints":{"allow":["GET"]}}],"collection":[{"href":"https:\/\/bpf2023.flaw.uniba.sk\/en\/wp-json\/wp\/v2\/pages"}],"about":[{"href":"https:\/\/bpf2023.flaw.uniba.sk\/en\/wp-json\/wp\/v2\/types\/page"}],"author":[{"embeddable":true,"href":"https:\/\/bpf2023.flaw.uniba.sk\/en\/wp-json\/wp\/v2\/users\/2"}],"replies":[{"embeddable":true,"href":"https:\/\/bpf2023.flaw.uniba.sk\/en\/wp-json\/wp\/v2\/comments?post=564"}],"version-history":[{"count":6,"href":"https:\/\/bpf2023.flaw.uniba.sk\/en\/wp-json\/wp\/v2\/pages\/564\/revisions"}],"predecessor-version":[{"id":801,"href":"https:\/\/bpf2023.flaw.uniba.sk\/en\/wp-json\/wp\/v2\/pages\/564\/revisions\/801"}],"wp:attachment":[{"href":"https:\/\/bpf2023.flaw.uniba.sk\/en\/wp-json\/wp\/v2\/media?parent=564"}],"curies":[{"name":"wp","href":"https:\/\/api.w.org\/{rel}","templated":true}]}}