{"id":409,"date":"2021-03-17T13:27:34","date_gmt":"2021-03-17T12:27:34","guid":{"rendered":"https:\/\/bpf.flaw.uniba.sk\/?page_id=409"},"modified":"2023-08-14T13:13:16","modified_gmt":"2023-08-14T11:13:16","slug":"sekcia-prava_it_a_pdv","status":"publish","type":"page","link":"https:\/\/bpf2023.flaw.uniba.sk\/en\/sekcia-prava_it_a_pdv\/","title":{"rendered":"Information Technology Law and Intellectual Property Law Section"},"content":{"rendered":"<h2 class=\"wp-block-heading alignwide has-text-align-center\">New Regulation of Digital Services: Miracle Cure or Missed Opportunity?<\/h2>\n\n\n\n<p class=\"has-drop-cap\">The regulation of digital services has experienced a huge boom over the past period. The European Union has adopted the Digital Services Act, which establishes due diligence obligation for digital services in order to protect the safety of users and increase the transparency of their operation. At the same time, Member States, including the Slovak Republic, also respond to social media phenomena with their own legal regulations. However, are these regulations sufficient or could they be even better? The section will address various aspects of digital services, including their regulation, artificial intelligence, cyber security, and issues of intellectual property law.<\/p>\n\n\n\n<p><strong>Professional partner of the section:<\/strong><\/p>\n\n\n\n<figure class=\"wp-block-image size-large\"><img fetchpriority=\"high\" decoding=\"async\" width=\"1024\" height=\"284\" src=\"https:\/\/bpf.flaw.uniba.sk\/wp-content\/uploads\/2023\/08\/LOGO_RpMS_CMYK-04-1024x284.png\" alt=\"\" class=\"wp-image-842\" srcset=\"https:\/\/bpf2023.flaw.uniba.sk\/wp-content\/uploads\/2023\/08\/LOGO_RpMS_CMYK-04-1024x284.png 1024w, https:\/\/bpf2023.flaw.uniba.sk\/wp-content\/uploads\/2023\/08\/LOGO_RpMS_CMYK-04-300x83.png 300w, https:\/\/bpf2023.flaw.uniba.sk\/wp-content\/uploads\/2023\/08\/LOGO_RpMS_CMYK-04-768x213.png 768w, https:\/\/bpf2023.flaw.uniba.sk\/wp-content\/uploads\/2023\/08\/LOGO_RpMS_CMYK-04-1536x426.png 1536w, https:\/\/bpf2023.flaw.uniba.sk\/wp-content\/uploads\/2023\/08\/LOGO_RpMS_CMYK-04-2048x568.png 2048w, https:\/\/bpf2023.flaw.uniba.sk\/wp-content\/uploads\/2023\/08\/LOGO_RpMS_CMYK-04-18x5.png 18w, https:\/\/bpf2023.flaw.uniba.sk\/wp-content\/uploads\/2023\/08\/LOGO_RpMS_CMYK-04-1200x333.png 1200w, https:\/\/bpf2023.flaw.uniba.sk\/wp-content\/uploads\/2023\/08\/LOGO_RpMS_CMYK-04-1980x549.png 1980w\" sizes=\"(max-width: 1024px) 100vw, 1024px\" \/><\/figure>\n\n\n\n<p><strong>Guarantors of the section:<\/strong><\/p>\n\n\n\n<p>doc. JUDr. Jozef Andra\u0161ko, PhD.<\/p>\n\n\n\n<p>JUDr. Mat\u00fa\u0161 Mesar\u010d\u00edk, PhD.<\/p>","protected":false},"excerpt":{"rendered":"<p>Nov\u00e1 regul\u00e1cia digit\u00e1lnych slu\u017eieb: Z\u00e1zra\u010dn\u00fd liek alebo prem\u00e1rnen\u00e1 pr\u00edle\u017eitos\u0165? Regul\u00e1cia digit\u00e1lnych slu\u017eieb za ostatn\u00e9 obdobie za\u017eila obrovsk\u00fd rozmach. Eur\u00f3pska \u00fania prijala Akt o digit\u00e1lnych slu\u017eb\u00e1ch, ktor\u00fd ustanovuje digit\u00e1lnym slu\u017eb\u00e1m povinnos\u0165 n\u00e1le\u017eitej starostlivosti s cie\u013eom chr\u00e1ni\u0165 bezpe\u010dnos\u0165 u\u017e\u00edvate\u013eov a zv\u00fd\u0161i\u0165 transparentnos\u0165 ich fungovania. Z\u00e1rove\u0148 \u010dlensk\u00e9 \u0161t\u00e1ty vr\u00e1tane Slovenskej republiky reaguj\u00fa na fenom\u00e9ny soci\u00e1lnych m\u00e9di\u00ed aj vlastn\u00fdmi [&hellip;]<\/p>\n","protected":false},"author":2,"featured_media":0,"parent":0,"menu_order":0,"comment_status":"closed","ping_status":"closed","template":"","meta":{"ngg_post_thumbnail":0,"footnotes":""},"class_list":["post-409","page","type-page","status-publish","hentry"],"yoast_head":"<!-- This site is optimized with the Yoast SEO plugin v27.2 - https:\/\/yoast.com\/product\/yoast-seo-wordpress\/ -->\n<title>Sekcia pr\u00e1va informa\u010dn\u00fdch technol\u00f3gi\u00ed a pr\u00e1va du\u0161evn\u00e9ho vlastn\u00edctva - BPF<\/title>\n<meta name=\"robots\" content=\"index, follow, max-snippet:-1, max-image-preview:large, max-video-preview:-1\" \/>\n<link rel=\"canonical\" href=\"https:\/\/bpf2023.flaw.uniba.sk\/en\/sekcia-prava_it_a_pdv\/\" \/>\n<meta property=\"og:locale\" content=\"en_US\" \/>\n<meta property=\"og:type\" content=\"article\" \/>\n<meta property=\"og:title\" content=\"Sekcia pr\u00e1va informa\u010dn\u00fdch technol\u00f3gi\u00ed a pr\u00e1va du\u0161evn\u00e9ho vlastn\u00edctva - BPF\" \/>\n<meta property=\"og:description\" content=\"Nov\u00e1 regul\u00e1cia digit\u00e1lnych slu\u017eieb: Z\u00e1zra\u010dn\u00fd liek alebo prem\u00e1rnen\u00e1 pr\u00edle\u017eitos\u0165? Regul\u00e1cia digit\u00e1lnych slu\u017eieb za ostatn\u00e9 obdobie za\u017eila obrovsk\u00fd rozmach. Eur\u00f3pska \u00fania prijala Akt o digit\u00e1lnych slu\u017eb\u00e1ch, ktor\u00fd ustanovuje digit\u00e1lnym slu\u017eb\u00e1m povinnos\u0165 n\u00e1le\u017eitej starostlivosti s cie\u013eom chr\u00e1ni\u0165 bezpe\u010dnos\u0165 u\u017e\u00edvate\u013eov a zv\u00fd\u0161i\u0165 transparentnos\u0165 ich fungovania. Z\u00e1rove\u0148 \u010dlensk\u00e9 \u0161t\u00e1ty vr\u00e1tane Slovenskej republiky reaguj\u00fa na fenom\u00e9ny soci\u00e1lnych m\u00e9di\u00ed aj vlastn\u00fdmi [&hellip;]\" \/>\n<meta property=\"og:url\" content=\"https:\/\/bpf2023.flaw.uniba.sk\/en\/sekcia-prava_it_a_pdv\/\" \/>\n<meta property=\"og:site_name\" content=\"BPF\" \/>\n<meta property=\"article:modified_time\" content=\"2023-08-14T11:13:16+00:00\" \/>\n<meta property=\"og:image\" content=\"https:\/\/bpf.flaw.uniba.sk\/wp-content\/uploads\/2023\/08\/LOGO_RpMS_CMYK-04-1024x284.png\" \/>\n<meta name=\"twitter:card\" content=\"summary_large_image\" \/>\n<meta name=\"twitter:label1\" content=\"Est. reading time\" \/>\n\t<meta name=\"twitter:data1\" content=\"1 minute\" \/>\n<script type=\"application\/ld+json\" class=\"yoast-schema-graph\">{\"@context\":\"https:\/\/schema.org\",\"@graph\":[{\"@type\":\"WebPage\",\"@id\":\"https:\/\/bpf2023.flaw.uniba.sk\/sekcia-prava_it_a_pdv\/\",\"url\":\"https:\/\/bpf2023.flaw.uniba.sk\/sekcia-prava_it_a_pdv\/\",\"name\":\"Sekcia pr\u00e1va informa\u010dn\u00fdch technol\u00f3gi\u00ed a pr\u00e1va du\u0161evn\u00e9ho vlastn\u00edctva - BPF\",\"isPartOf\":{\"@id\":\"https:\/\/bpf2023.flaw.uniba.sk\/#website\"},\"primaryImageOfPage\":{\"@id\":\"https:\/\/bpf2023.flaw.uniba.sk\/sekcia-prava_it_a_pdv\/#primaryimage\"},\"image\":{\"@id\":\"https:\/\/bpf2023.flaw.uniba.sk\/sekcia-prava_it_a_pdv\/#primaryimage\"},\"thumbnailUrl\":\"https:\/\/bpf.flaw.uniba.sk\/wp-content\/uploads\/2023\/08\/LOGO_RpMS_CMYK-04-1024x284.png\",\"datePublished\":\"2021-03-17T12:27:34+00:00\",\"dateModified\":\"2023-08-14T11:13:16+00:00\",\"breadcrumb\":{\"@id\":\"https:\/\/bpf2023.flaw.uniba.sk\/sekcia-prava_it_a_pdv\/#breadcrumb\"},\"inLanguage\":\"en-US\",\"potentialAction\":[{\"@type\":\"ReadAction\",\"target\":[\"https:\/\/bpf2023.flaw.uniba.sk\/sekcia-prava_it_a_pdv\/\"]}]},{\"@type\":\"ImageObject\",\"inLanguage\":\"en-US\",\"@id\":\"https:\/\/bpf2023.flaw.uniba.sk\/sekcia-prava_it_a_pdv\/#primaryimage\",\"url\":\"https:\/\/bpf.flaw.uniba.sk\/wp-content\/uploads\/2023\/08\/LOGO_RpMS_CMYK-04-1024x284.png\",\"contentUrl\":\"https:\/\/bpf.flaw.uniba.sk\/wp-content\/uploads\/2023\/08\/LOGO_RpMS_CMYK-04-1024x284.png\"},{\"@type\":\"BreadcrumbList\",\"@id\":\"https:\/\/bpf2023.flaw.uniba.sk\/sekcia-prava_it_a_pdv\/#breadcrumb\",\"itemListElement\":[{\"@type\":\"ListItem\",\"position\":1,\"name\":\"Home\",\"item\":\"https:\/\/bpf2023.flaw.uniba.sk\/\"},{\"@type\":\"ListItem\",\"position\":2,\"name\":\"Sekcia pr\u00e1va informa\u010dn\u00fdch technol\u00f3gi\u00ed a pr\u00e1va du\u0161evn\u00e9ho vlastn\u00edctva\"}]},{\"@type\":\"WebSite\",\"@id\":\"https:\/\/bpf2023.flaw.uniba.sk\/#website\",\"url\":\"https:\/\/bpf2023.flaw.uniba.sk\/\",\"name\":\"BPF\",\"description\":\"\",\"publisher\":{\"@id\":\"https:\/\/bpf2023.flaw.uniba.sk\/#organization\"},\"potentialAction\":[{\"@type\":\"SearchAction\",\"target\":{\"@type\":\"EntryPoint\",\"urlTemplate\":\"https:\/\/bpf2023.flaw.uniba.sk\/?s={search_term_string}\"},\"query-input\":{\"@type\":\"PropertyValueSpecification\",\"valueRequired\":true,\"valueName\":\"search_term_string\"}}],\"inLanguage\":\"en-US\"},{\"@type\":\"Organization\",\"@id\":\"https:\/\/bpf2023.flaw.uniba.sk\/#organization\",\"name\":\"BPF\",\"url\":\"https:\/\/bpf2023.flaw.uniba.sk\/\",\"logo\":{\"@type\":\"ImageObject\",\"inLanguage\":\"en-US\",\"@id\":\"https:\/\/bpf2023.flaw.uniba.sk\/#\/schema\/logo\/image\/\",\"url\":\"https:\/\/bpf2023.flaw.uniba.sk\/wp-content\/uploads\/2023\/02\/sk-bpf-cb.png\",\"contentUrl\":\"https:\/\/bpf2023.flaw.uniba.sk\/wp-content\/uploads\/2023\/02\/sk-bpf-cb.png\",\"width\":3149,\"height\":1061,\"caption\":\"BPF\"},\"image\":{\"@id\":\"https:\/\/bpf2023.flaw.uniba.sk\/#\/schema\/logo\/image\/\"}}]}<\/script>\n<!-- \/ Yoast SEO plugin. -->","yoast_head_json":{"title":"Sekcia pr\u00e1va informa\u010dn\u00fdch technol\u00f3gi\u00ed a pr\u00e1va du\u0161evn\u00e9ho vlastn\u00edctva - BPF","robots":{"index":"index","follow":"follow","max-snippet":"max-snippet:-1","max-image-preview":"max-image-preview:large","max-video-preview":"max-video-preview:-1"},"canonical":"https:\/\/bpf2023.flaw.uniba.sk\/en\/sekcia-prava_it_a_pdv\/","og_locale":"en_US","og_type":"article","og_title":"Sekcia pr\u00e1va informa\u010dn\u00fdch technol\u00f3gi\u00ed a pr\u00e1va du\u0161evn\u00e9ho vlastn\u00edctva - BPF","og_description":"Nov\u00e1 regul\u00e1cia digit\u00e1lnych slu\u017eieb: Z\u00e1zra\u010dn\u00fd liek alebo prem\u00e1rnen\u00e1 pr\u00edle\u017eitos\u0165? Regul\u00e1cia digit\u00e1lnych slu\u017eieb za ostatn\u00e9 obdobie za\u017eila obrovsk\u00fd rozmach. Eur\u00f3pska \u00fania prijala Akt o digit\u00e1lnych slu\u017eb\u00e1ch, ktor\u00fd ustanovuje digit\u00e1lnym slu\u017eb\u00e1m povinnos\u0165 n\u00e1le\u017eitej starostlivosti s cie\u013eom chr\u00e1ni\u0165 bezpe\u010dnos\u0165 u\u017e\u00edvate\u013eov a zv\u00fd\u0161i\u0165 transparentnos\u0165 ich fungovania. Z\u00e1rove\u0148 \u010dlensk\u00e9 \u0161t\u00e1ty vr\u00e1tane Slovenskej republiky reaguj\u00fa na fenom\u00e9ny soci\u00e1lnych m\u00e9di\u00ed aj vlastn\u00fdmi [&hellip;]","og_url":"https:\/\/bpf2023.flaw.uniba.sk\/en\/sekcia-prava_it_a_pdv\/","og_site_name":"BPF","article_modified_time":"2023-08-14T11:13:16+00:00","og_image":[{"url":"https:\/\/bpf.flaw.uniba.sk\/wp-content\/uploads\/2023\/08\/LOGO_RpMS_CMYK-04-1024x284.png","type":"","width":"","height":""}],"twitter_card":"summary_large_image","twitter_misc":{"Est. reading time":"1 minute"},"schema":{"@context":"https:\/\/schema.org","@graph":[{"@type":"WebPage","@id":"https:\/\/bpf2023.flaw.uniba.sk\/sekcia-prava_it_a_pdv\/","url":"https:\/\/bpf2023.flaw.uniba.sk\/sekcia-prava_it_a_pdv\/","name":"Sekcia pr\u00e1va informa\u010dn\u00fdch technol\u00f3gi\u00ed a pr\u00e1va du\u0161evn\u00e9ho vlastn\u00edctva - BPF","isPartOf":{"@id":"https:\/\/bpf2023.flaw.uniba.sk\/#website"},"primaryImageOfPage":{"@id":"https:\/\/bpf2023.flaw.uniba.sk\/sekcia-prava_it_a_pdv\/#primaryimage"},"image":{"@id":"https:\/\/bpf2023.flaw.uniba.sk\/sekcia-prava_it_a_pdv\/#primaryimage"},"thumbnailUrl":"https:\/\/bpf.flaw.uniba.sk\/wp-content\/uploads\/2023\/08\/LOGO_RpMS_CMYK-04-1024x284.png","datePublished":"2021-03-17T12:27:34+00:00","dateModified":"2023-08-14T11:13:16+00:00","breadcrumb":{"@id":"https:\/\/bpf2023.flaw.uniba.sk\/sekcia-prava_it_a_pdv\/#breadcrumb"},"inLanguage":"en-US","potentialAction":[{"@type":"ReadAction","target":["https:\/\/bpf2023.flaw.uniba.sk\/sekcia-prava_it_a_pdv\/"]}]},{"@type":"ImageObject","inLanguage":"en-US","@id":"https:\/\/bpf2023.flaw.uniba.sk\/sekcia-prava_it_a_pdv\/#primaryimage","url":"https:\/\/bpf.flaw.uniba.sk\/wp-content\/uploads\/2023\/08\/LOGO_RpMS_CMYK-04-1024x284.png","contentUrl":"https:\/\/bpf.flaw.uniba.sk\/wp-content\/uploads\/2023\/08\/LOGO_RpMS_CMYK-04-1024x284.png"},{"@type":"BreadcrumbList","@id":"https:\/\/bpf2023.flaw.uniba.sk\/sekcia-prava_it_a_pdv\/#breadcrumb","itemListElement":[{"@type":"ListItem","position":1,"name":"Home","item":"https:\/\/bpf2023.flaw.uniba.sk\/"},{"@type":"ListItem","position":2,"name":"Sekcia pr\u00e1va informa\u010dn\u00fdch technol\u00f3gi\u00ed a pr\u00e1va du\u0161evn\u00e9ho vlastn\u00edctva"}]},{"@type":"WebSite","@id":"https:\/\/bpf2023.flaw.uniba.sk\/#website","url":"https:\/\/bpf2023.flaw.uniba.sk\/","name":"BLF","description":"","publisher":{"@id":"https:\/\/bpf2023.flaw.uniba.sk\/#organization"},"potentialAction":[{"@type":"SearchAction","target":{"@type":"EntryPoint","urlTemplate":"https:\/\/bpf2023.flaw.uniba.sk\/?s={search_term_string}"},"query-input":{"@type":"PropertyValueSpecification","valueRequired":true,"valueName":"search_term_string"}}],"inLanguage":"en-US"},{"@type":"Organization","@id":"https:\/\/bpf2023.flaw.uniba.sk\/#organization","name":"BLF","url":"https:\/\/bpf2023.flaw.uniba.sk\/","logo":{"@type":"ImageObject","inLanguage":"en-US","@id":"https:\/\/bpf2023.flaw.uniba.sk\/#\/schema\/logo\/image\/","url":"https:\/\/bpf2023.flaw.uniba.sk\/wp-content\/uploads\/2023\/02\/sk-bpf-cb.png","contentUrl":"https:\/\/bpf2023.flaw.uniba.sk\/wp-content\/uploads\/2023\/02\/sk-bpf-cb.png","width":3149,"height":1061,"caption":"BPF"},"image":{"@id":"https:\/\/bpf2023.flaw.uniba.sk\/#\/schema\/logo\/image\/"}}]}},"_links":{"self":[{"href":"https:\/\/bpf2023.flaw.uniba.sk\/en\/wp-json\/wp\/v2\/pages\/409","targetHints":{"allow":["GET"]}}],"collection":[{"href":"https:\/\/bpf2023.flaw.uniba.sk\/en\/wp-json\/wp\/v2\/pages"}],"about":[{"href":"https:\/\/bpf2023.flaw.uniba.sk\/en\/wp-json\/wp\/v2\/types\/page"}],"author":[{"embeddable":true,"href":"https:\/\/bpf2023.flaw.uniba.sk\/en\/wp-json\/wp\/v2\/users\/2"}],"replies":[{"embeddable":true,"href":"https:\/\/bpf2023.flaw.uniba.sk\/en\/wp-json\/wp\/v2\/comments?post=409"}],"version-history":[{"count":6,"href":"https:\/\/bpf2023.flaw.uniba.sk\/en\/wp-json\/wp\/v2\/pages\/409\/revisions"}],"predecessor-version":[{"id":843,"href":"https:\/\/bpf2023.flaw.uniba.sk\/en\/wp-json\/wp\/v2\/pages\/409\/revisions\/843"}],"wp:attachment":[{"href":"https:\/\/bpf2023.flaw.uniba.sk\/en\/wp-json\/wp\/v2\/media?parent=409"}],"curies":[{"name":"wp","href":"https:\/\/api.w.org\/{rel}","templated":true}]}}