{"id":404,"date":"2021-03-17T13:26:41","date_gmt":"2021-03-17T12:26:41","guid":{"rendered":"https:\/\/bpf.flaw.uniba.sk\/?page_id=404"},"modified":"2023-08-14T13:33:11","modified_gmt":"2023-08-14T11:33:11","slug":"sekcia-eu_prava","status":"publish","type":"page","link":"https:\/\/bpf2023.flaw.uniba.sk\/en\/sekcia-eu_prava\/","title":{"rendered":"European Law Section"},"content":{"rendered":"<h2 class=\"wp-block-heading alignwide has-text-align-center\">30 Years after the Maastricht Treaty: Towards Greener, more Digital, more Sustainable and more Resilient Economy<\/h2>\n\n\n\n<p>The Maastricht Treaty, signed on 7th February 1992, was a milestone agreement that marked a significant step towards European integration. As the treaty celebrated its 30th anniversary, this conference section seeks to provide a comprehensive overview of its past, present, and future. It aims to explore the achievements, prospects, and challenges to the EU integration, not only those surpassed, but also those that lie very much ahead.<br>A greener and more digital Europe are two challenges for our generation that, if met successfully, will determine our future. In the same time, the European economy shall be sustainable in its development and guided by the values of the European Union and resilient against external challenges and threats, in particular vis-a-vis economies negligent to sustainability and human rights standards.<\/p>\n\n\n\n<p><strong>Professional partner of the section:<\/strong><\/p>\n\n\n\n<figure class=\"wp-block-image size-full\"><img fetchpriority=\"high\" decoding=\"async\" width=\"451\" height=\"112\" src=\"https:\/\/bpf.flaw.uniba.sk\/wp-content\/uploads\/2023\/08\/ZEK-na-Slovensku.jpg\" alt=\"\" class=\"wp-image-848\" srcset=\"https:\/\/bpf2023.flaw.uniba.sk\/wp-content\/uploads\/2023\/08\/ZEK-na-Slovensku.jpg 451w, https:\/\/bpf2023.flaw.uniba.sk\/wp-content\/uploads\/2023\/08\/ZEK-na-Slovensku-300x75.jpg 300w, https:\/\/bpf2023.flaw.uniba.sk\/wp-content\/uploads\/2023\/08\/ZEK-na-Slovensku-18x4.jpg 18w\" sizes=\"(max-width: 451px) 100vw, 451px\" \/><\/figure>\n\n\n\n<p><strong>Guarantor of the section:<\/strong><\/p>\n\n\n\n<p>doc. JUDr. Ing. Ondrej Bla\u017eo, PhD.<\/p>\n\n\n\n<p class=\"has-drop-cap\">&nbsp;<\/p>","protected":false},"excerpt":{"rendered":"<p>30 rokov po Maastrichtskej zmluve: K zelen\u0161ej, digit\u00e1lnej\u0161ej, udr\u017eate\u013enej\u0161ej a odolnej\u0161ej ekonomike Maastrichtsk\u00e1 zmluva podp\u00edsan\u00e1 7. febru\u00e1ra 1992 bola v\u00fdznamnou dohodou, ktor\u00e1 znamenala v\u00fdznamn\u00fd krok smerom k eur\u00f3pskej integr\u00e1cii. Ke\u010f\u017ee zmluva osl\u00e1vila 30. v\u00fdro\u010die, t\u00e1to konferen\u010dn\u00e1 sekcia sa sna\u017e\u00ed poskytn\u00fa\u0165 komplexn\u00fd preh\u013ead o jej minulosti, s\u00fa\u010dasnosti a bud\u00facnosti. Jej cie\u013eom je presk\u00fama\u0165 \u00faspechy, perspekt\u00edvy a [&hellip;]<\/p>\n","protected":false},"author":2,"featured_media":0,"parent":0,"menu_order":0,"comment_status":"closed","ping_status":"closed","template":"","meta":{"ngg_post_thumbnail":0,"footnotes":""},"class_list":["post-404","page","type-page","status-publish","hentry"],"yoast_head":"<!-- This site is optimized with the Yoast SEO plugin v27.2 - https:\/\/yoast.com\/product\/yoast-seo-wordpress\/ -->\n<title>Sekcia eur\u00f3pskeho pr\u00e1va - BPF<\/title>\n<meta name=\"robots\" content=\"index, follow, max-snippet:-1, max-image-preview:large, max-video-preview:-1\" \/>\n<link rel=\"canonical\" href=\"https:\/\/bpf2023.flaw.uniba.sk\/en\/sekcia-eu_prava\/\" \/>\n<meta property=\"og:locale\" content=\"en_US\" \/>\n<meta property=\"og:type\" content=\"article\" \/>\n<meta property=\"og:title\" content=\"Sekcia eur\u00f3pskeho pr\u00e1va - BPF\" \/>\n<meta property=\"og:description\" content=\"30 rokov po Maastrichtskej zmluve: K zelen\u0161ej, digit\u00e1lnej\u0161ej, udr\u017eate\u013enej\u0161ej a odolnej\u0161ej ekonomike Maastrichtsk\u00e1 zmluva podp\u00edsan\u00e1 7. febru\u00e1ra 1992 bola v\u00fdznamnou dohodou, ktor\u00e1 znamenala v\u00fdznamn\u00fd krok smerom k eur\u00f3pskej integr\u00e1cii. Ke\u010f\u017ee zmluva osl\u00e1vila 30. v\u00fdro\u010die, t\u00e1to konferen\u010dn\u00e1 sekcia sa sna\u017e\u00ed poskytn\u00fa\u0165 komplexn\u00fd preh\u013ead o jej minulosti, s\u00fa\u010dasnosti a bud\u00facnosti. Jej cie\u013eom je presk\u00fama\u0165 \u00faspechy, perspekt\u00edvy a [&hellip;]\" \/>\n<meta property=\"og:url\" content=\"https:\/\/bpf2023.flaw.uniba.sk\/en\/sekcia-eu_prava\/\" \/>\n<meta property=\"og:site_name\" content=\"BPF\" \/>\n<meta property=\"article:modified_time\" content=\"2023-08-14T11:33:11+00:00\" \/>\n<meta property=\"og:image\" content=\"https:\/\/bpf.flaw.uniba.sk\/wp-content\/uploads\/2023\/08\/ZEK-na-Slovensku.jpg\" \/>\n<meta name=\"twitter:card\" content=\"summary_large_image\" \/>\n<meta name=\"twitter:label1\" content=\"Est. reading time\" \/>\n\t<meta name=\"twitter:data1\" content=\"1 minute\" \/>\n<script type=\"application\/ld+json\" class=\"yoast-schema-graph\">{\"@context\":\"https:\/\/schema.org\",\"@graph\":[{\"@type\":\"WebPage\",\"@id\":\"https:\/\/bpf2023.flaw.uniba.sk\/sekcia-eu_prava\/\",\"url\":\"https:\/\/bpf2023.flaw.uniba.sk\/sekcia-eu_prava\/\",\"name\":\"Sekcia eur\u00f3pskeho pr\u00e1va - BPF\",\"isPartOf\":{\"@id\":\"https:\/\/bpf2023.flaw.uniba.sk\/#website\"},\"primaryImageOfPage\":{\"@id\":\"https:\/\/bpf2023.flaw.uniba.sk\/sekcia-eu_prava\/#primaryimage\"},\"image\":{\"@id\":\"https:\/\/bpf2023.flaw.uniba.sk\/sekcia-eu_prava\/#primaryimage\"},\"thumbnailUrl\":\"https:\/\/bpf.flaw.uniba.sk\/wp-content\/uploads\/2023\/08\/ZEK-na-Slovensku.jpg\",\"datePublished\":\"2021-03-17T12:26:41+00:00\",\"dateModified\":\"2023-08-14T11:33:11+00:00\",\"breadcrumb\":{\"@id\":\"https:\/\/bpf2023.flaw.uniba.sk\/sekcia-eu_prava\/#breadcrumb\"},\"inLanguage\":\"en-US\",\"potentialAction\":[{\"@type\":\"ReadAction\",\"target\":[\"https:\/\/bpf2023.flaw.uniba.sk\/sekcia-eu_prava\/\"]}]},{\"@type\":\"ImageObject\",\"inLanguage\":\"en-US\",\"@id\":\"https:\/\/bpf2023.flaw.uniba.sk\/sekcia-eu_prava\/#primaryimage\",\"url\":\"https:\/\/bpf.flaw.uniba.sk\/wp-content\/uploads\/2023\/08\/ZEK-na-Slovensku.jpg\",\"contentUrl\":\"https:\/\/bpf.flaw.uniba.sk\/wp-content\/uploads\/2023\/08\/ZEK-na-Slovensku.jpg\"},{\"@type\":\"BreadcrumbList\",\"@id\":\"https:\/\/bpf2023.flaw.uniba.sk\/sekcia-eu_prava\/#breadcrumb\",\"itemListElement\":[{\"@type\":\"ListItem\",\"position\":1,\"name\":\"Home\",\"item\":\"https:\/\/bpf2023.flaw.uniba.sk\/\"},{\"@type\":\"ListItem\",\"position\":2,\"name\":\"Sekcia eur\u00f3pskeho pr\u00e1va\"}]},{\"@type\":\"WebSite\",\"@id\":\"https:\/\/bpf2023.flaw.uniba.sk\/#website\",\"url\":\"https:\/\/bpf2023.flaw.uniba.sk\/\",\"name\":\"BPF\",\"description\":\"\",\"publisher\":{\"@id\":\"https:\/\/bpf2023.flaw.uniba.sk\/#organization\"},\"potentialAction\":[{\"@type\":\"SearchAction\",\"target\":{\"@type\":\"EntryPoint\",\"urlTemplate\":\"https:\/\/bpf2023.flaw.uniba.sk\/?s={search_term_string}\"},\"query-input\":{\"@type\":\"PropertyValueSpecification\",\"valueRequired\":true,\"valueName\":\"search_term_string\"}}],\"inLanguage\":\"en-US\"},{\"@type\":\"Organization\",\"@id\":\"https:\/\/bpf2023.flaw.uniba.sk\/#organization\",\"name\":\"BPF\",\"url\":\"https:\/\/bpf2023.flaw.uniba.sk\/\",\"logo\":{\"@type\":\"ImageObject\",\"inLanguage\":\"en-US\",\"@id\":\"https:\/\/bpf2023.flaw.uniba.sk\/#\/schema\/logo\/image\/\",\"url\":\"https:\/\/bpf2023.flaw.uniba.sk\/wp-content\/uploads\/2023\/02\/sk-bpf-cb.png\",\"contentUrl\":\"https:\/\/bpf2023.flaw.uniba.sk\/wp-content\/uploads\/2023\/02\/sk-bpf-cb.png\",\"width\":3149,\"height\":1061,\"caption\":\"BPF\"},\"image\":{\"@id\":\"https:\/\/bpf2023.flaw.uniba.sk\/#\/schema\/logo\/image\/\"}}]}<\/script>\n<!-- \/ Yoast SEO plugin. -->","yoast_head_json":{"title":"Sekcia eur\u00f3pskeho pr\u00e1va - BPF","robots":{"index":"index","follow":"follow","max-snippet":"max-snippet:-1","max-image-preview":"max-image-preview:large","max-video-preview":"max-video-preview:-1"},"canonical":"https:\/\/bpf2023.flaw.uniba.sk\/en\/sekcia-eu_prava\/","og_locale":"en_US","og_type":"article","og_title":"Sekcia eur\u00f3pskeho pr\u00e1va - BPF","og_description":"30 rokov po Maastrichtskej zmluve: K zelen\u0161ej, digit\u00e1lnej\u0161ej, udr\u017eate\u013enej\u0161ej a odolnej\u0161ej ekonomike Maastrichtsk\u00e1 zmluva podp\u00edsan\u00e1 7. febru\u00e1ra 1992 bola v\u00fdznamnou dohodou, ktor\u00e1 znamenala v\u00fdznamn\u00fd krok smerom k eur\u00f3pskej integr\u00e1cii. Ke\u010f\u017ee zmluva osl\u00e1vila 30. v\u00fdro\u010die, t\u00e1to konferen\u010dn\u00e1 sekcia sa sna\u017e\u00ed poskytn\u00fa\u0165 komplexn\u00fd preh\u013ead o jej minulosti, s\u00fa\u010dasnosti a bud\u00facnosti. Jej cie\u013eom je presk\u00fama\u0165 \u00faspechy, perspekt\u00edvy a [&hellip;]","og_url":"https:\/\/bpf2023.flaw.uniba.sk\/en\/sekcia-eu_prava\/","og_site_name":"BPF","article_modified_time":"2023-08-14T11:33:11+00:00","og_image":[{"url":"https:\/\/bpf.flaw.uniba.sk\/wp-content\/uploads\/2023\/08\/ZEK-na-Slovensku.jpg","type":"","width":"","height":""}],"twitter_card":"summary_large_image","twitter_misc":{"Est. reading time":"1 minute"},"schema":{"@context":"https:\/\/schema.org","@graph":[{"@type":"WebPage","@id":"https:\/\/bpf2023.flaw.uniba.sk\/sekcia-eu_prava\/","url":"https:\/\/bpf2023.flaw.uniba.sk\/sekcia-eu_prava\/","name":"Sekcia eur\u00f3pskeho pr\u00e1va - BPF","isPartOf":{"@id":"https:\/\/bpf2023.flaw.uniba.sk\/#website"},"primaryImageOfPage":{"@id":"https:\/\/bpf2023.flaw.uniba.sk\/sekcia-eu_prava\/#primaryimage"},"image":{"@id":"https:\/\/bpf2023.flaw.uniba.sk\/sekcia-eu_prava\/#primaryimage"},"thumbnailUrl":"https:\/\/bpf.flaw.uniba.sk\/wp-content\/uploads\/2023\/08\/ZEK-na-Slovensku.jpg","datePublished":"2021-03-17T12:26:41+00:00","dateModified":"2023-08-14T11:33:11+00:00","breadcrumb":{"@id":"https:\/\/bpf2023.flaw.uniba.sk\/sekcia-eu_prava\/#breadcrumb"},"inLanguage":"en-US","potentialAction":[{"@type":"ReadAction","target":["https:\/\/bpf2023.flaw.uniba.sk\/sekcia-eu_prava\/"]}]},{"@type":"ImageObject","inLanguage":"en-US","@id":"https:\/\/bpf2023.flaw.uniba.sk\/sekcia-eu_prava\/#primaryimage","url":"https:\/\/bpf.flaw.uniba.sk\/wp-content\/uploads\/2023\/08\/ZEK-na-Slovensku.jpg","contentUrl":"https:\/\/bpf.flaw.uniba.sk\/wp-content\/uploads\/2023\/08\/ZEK-na-Slovensku.jpg"},{"@type":"BreadcrumbList","@id":"https:\/\/bpf2023.flaw.uniba.sk\/sekcia-eu_prava\/#breadcrumb","itemListElement":[{"@type":"ListItem","position":1,"name":"Home","item":"https:\/\/bpf2023.flaw.uniba.sk\/"},{"@type":"ListItem","position":2,"name":"Sekcia eur\u00f3pskeho pr\u00e1va"}]},{"@type":"WebSite","@id":"https:\/\/bpf2023.flaw.uniba.sk\/#website","url":"https:\/\/bpf2023.flaw.uniba.sk\/","name":"BLF","description":"","publisher":{"@id":"https:\/\/bpf2023.flaw.uniba.sk\/#organization"},"potentialAction":[{"@type":"SearchAction","target":{"@type":"EntryPoint","urlTemplate":"https:\/\/bpf2023.flaw.uniba.sk\/?s={search_term_string}"},"query-input":{"@type":"PropertyValueSpecification","valueRequired":true,"valueName":"search_term_string"}}],"inLanguage":"en-US"},{"@type":"Organization","@id":"https:\/\/bpf2023.flaw.uniba.sk\/#organization","name":"BLF","url":"https:\/\/bpf2023.flaw.uniba.sk\/","logo":{"@type":"ImageObject","inLanguage":"en-US","@id":"https:\/\/bpf2023.flaw.uniba.sk\/#\/schema\/logo\/image\/","url":"https:\/\/bpf2023.flaw.uniba.sk\/wp-content\/uploads\/2023\/02\/sk-bpf-cb.png","contentUrl":"https:\/\/bpf2023.flaw.uniba.sk\/wp-content\/uploads\/2023\/02\/sk-bpf-cb.png","width":3149,"height":1061,"caption":"BPF"},"image":{"@id":"https:\/\/bpf2023.flaw.uniba.sk\/#\/schema\/logo\/image\/"}}]}},"_links":{"self":[{"href":"https:\/\/bpf2023.flaw.uniba.sk\/en\/wp-json\/wp\/v2\/pages\/404","targetHints":{"allow":["GET"]}}],"collection":[{"href":"https:\/\/bpf2023.flaw.uniba.sk\/en\/wp-json\/wp\/v2\/pages"}],"about":[{"href":"https:\/\/bpf2023.flaw.uniba.sk\/en\/wp-json\/wp\/v2\/types\/page"}],"author":[{"embeddable":true,"href":"https:\/\/bpf2023.flaw.uniba.sk\/en\/wp-json\/wp\/v2\/users\/2"}],"replies":[{"embeddable":true,"href":"https:\/\/bpf2023.flaw.uniba.sk\/en\/wp-json\/wp\/v2\/comments?post=404"}],"version-history":[{"count":7,"href":"https:\/\/bpf2023.flaw.uniba.sk\/en\/wp-json\/wp\/v2\/pages\/404\/revisions"}],"predecessor-version":[{"id":849,"href":"https:\/\/bpf2023.flaw.uniba.sk\/en\/wp-json\/wp\/v2\/pages\/404\/revisions\/849"}],"wp:attachment":[{"href":"https:\/\/bpf2023.flaw.uniba.sk\/en\/wp-json\/wp\/v2\/media?parent=404"}],"curies":[{"name":"wp","href":"https:\/\/api.w.org\/{rel}","templated":true}]}}