{"id":379,"date":"2021-03-17T13:21:18","date_gmt":"2021-03-17T12:21:18","guid":{"rendered":"https:\/\/bpf.flaw.uniba.sk\/?page_id=379"},"modified":"2023-06-19T10:12:01","modified_gmt":"2023-06-19T08:12:01","slug":"sekcia-obchodneho-prava-a-hospodarskeho-prava","status":"publish","type":"page","link":"https:\/\/bpf2023.flaw.uniba.sk\/en\/sekcia-obchodneho-prava-a-hospodarskeho-prava\/","title":{"rendered":"Financial Law Section, Commercial Law and Economic Law and Economic Sciences Section"},"content":{"rendered":"<h2 class=\"wp-block-heading has-text-align-center\">Transparency in Financial and Commercial Law<\/h2>\n\n\n\n<p class=\"has-drop-cap\">The issue of transparency is closely related to transaction costs for individual market players. It is reasonable to assume that greater transparency contributes to reducing transaction costs and to strengthening mutual trust between participants in legal relationships. The aim of this section is to offer a space for contributions and reflections mapping legal developments in the field of financial law and commercial law in relation to institutes enhancing transparency. In particular, the institutes of transparency of public registers, financial statements with regard to the principle of protection of good faith, mandatory disclosure of information to tax administrators with regard to the fight against tax evasion, mandatory disclosure of information with regard to the operation on financial markets , etc. Contributions focusing on both legislative developments and application practice are welcome.<\/p>\n\n\n\n<p><strong>Guarantors of the section:<\/strong><\/p>\n\n\n\n<p>prof. JUDr. M\u00e1ria Patakyov\u00e1, PhD.<\/p>\n\n\n\n<p>prof. JUDr. \u013dubom\u00edr \u010cunderl\u00edk, PhD.<\/p>\n\n\n\n<p>doc. JUDr. Ing. Matej Ka\u010daljak, PhD.<\/p>","protected":false},"excerpt":{"rendered":"<p>Transparentnos\u0165 vo finan\u010dnom a obchodnom pr\u00e1ve Ot\u00e1zka transparentnosti \u00fazko s\u00favis\u00ed s transak\u010dn\u00fdmi n\u00e1kladmi pre jednotliv\u00fdch akt\u00e9rov na trhu. Je rozumn\u00fd predpoklad, \u017ee vy\u0161\u0161ia transparentnos\u0165 prispieva k zni\u017eovaniu transak\u010dn\u00fdch n\u00e1kladov a k posil\u0148ovaniu vz\u00e1jomnej d\u00f4very \u00fa\u010dastn\u00edkov pr\u00e1vnych vz\u0165ahov. Cie\u013eom sekcie je pon\u00faknu\u0165 priestor pr\u00edspevkom a \u00favah\u00e1m zameran\u00fdm na mapovanie pr\u00e1vneho v\u00fdvoja v oblasti finan\u010dn\u00e9ho pr\u00e1va a [&hellip;]<\/p>\n","protected":false},"author":2,"featured_media":0,"parent":0,"menu_order":0,"comment_status":"closed","ping_status":"closed","template":"","meta":{"ngg_post_thumbnail":0,"footnotes":""},"class_list":["post-379","page","type-page","status-publish","hentry"],"yoast_head":"<!-- This site is optimized with the Yoast SEO plugin v27.2 - https:\/\/yoast.com\/product\/yoast-seo-wordpress\/ -->\n<title>Sekcia finan\u010dn\u00e9ho pr\u00e1va, obchodn\u00e9ho a hospod\u00e1rskeho pr\u00e1va a ekonomick\u00fdch vied - BPF<\/title>\n<meta name=\"robots\" content=\"index, follow, max-snippet:-1, max-image-preview:large, max-video-preview:-1\" \/>\n<link rel=\"canonical\" href=\"https:\/\/bpf2023.flaw.uniba.sk\/en\/sekcia-obchodneho-prava-a-hospodarskeho-prava\/\" \/>\n<meta property=\"og:locale\" content=\"en_US\" \/>\n<meta property=\"og:type\" content=\"article\" \/>\n<meta property=\"og:title\" content=\"Sekcia finan\u010dn\u00e9ho pr\u00e1va, obchodn\u00e9ho a hospod\u00e1rskeho pr\u00e1va a ekonomick\u00fdch vied - BPF\" \/>\n<meta property=\"og:description\" content=\"Transparentnos\u0165 vo finan\u010dnom a obchodnom pr\u00e1ve Ot\u00e1zka transparentnosti \u00fazko s\u00favis\u00ed s transak\u010dn\u00fdmi n\u00e1kladmi pre jednotliv\u00fdch akt\u00e9rov na trhu. Je rozumn\u00fd predpoklad, \u017ee vy\u0161\u0161ia transparentnos\u0165 prispieva k zni\u017eovaniu transak\u010dn\u00fdch n\u00e1kladov a k posil\u0148ovaniu vz\u00e1jomnej d\u00f4very \u00fa\u010dastn\u00edkov pr\u00e1vnych vz\u0165ahov. Cie\u013eom sekcie je pon\u00faknu\u0165 priestor pr\u00edspevkom a \u00favah\u00e1m zameran\u00fdm na mapovanie pr\u00e1vneho v\u00fdvoja v oblasti finan\u010dn\u00e9ho pr\u00e1va a [&hellip;]\" \/>\n<meta property=\"og:url\" content=\"https:\/\/bpf2023.flaw.uniba.sk\/en\/sekcia-obchodneho-prava-a-hospodarskeho-prava\/\" \/>\n<meta property=\"og:site_name\" content=\"BPF\" \/>\n<meta property=\"article:modified_time\" content=\"2023-06-19T08:12:01+00:00\" \/>\n<meta name=\"twitter:card\" content=\"summary_large_image\" \/>\n<meta name=\"twitter:label1\" content=\"Est. reading time\" \/>\n\t<meta name=\"twitter:data1\" content=\"1 minute\" \/>\n<script type=\"application\/ld+json\" class=\"yoast-schema-graph\">{\"@context\":\"https:\/\/schema.org\",\"@graph\":[{\"@type\":\"WebPage\",\"@id\":\"https:\/\/bpf2023.flaw.uniba.sk\/sekcia-obchodneho-prava-a-hospodarskeho-prava\/\",\"url\":\"https:\/\/bpf2023.flaw.uniba.sk\/sekcia-obchodneho-prava-a-hospodarskeho-prava\/\",\"name\":\"Sekcia finan\u010dn\u00e9ho pr\u00e1va, obchodn\u00e9ho a hospod\u00e1rskeho pr\u00e1va a ekonomick\u00fdch vied - BPF\",\"isPartOf\":{\"@id\":\"https:\/\/bpf2023.flaw.uniba.sk\/#website\"},\"datePublished\":\"2021-03-17T12:21:18+00:00\",\"dateModified\":\"2023-06-19T08:12:01+00:00\",\"breadcrumb\":{\"@id\":\"https:\/\/bpf2023.flaw.uniba.sk\/sekcia-obchodneho-prava-a-hospodarskeho-prava\/#breadcrumb\"},\"inLanguage\":\"en-US\",\"potentialAction\":[{\"@type\":\"ReadAction\",\"target\":[\"https:\/\/bpf2023.flaw.uniba.sk\/sekcia-obchodneho-prava-a-hospodarskeho-prava\/\"]}]},{\"@type\":\"BreadcrumbList\",\"@id\":\"https:\/\/bpf2023.flaw.uniba.sk\/sekcia-obchodneho-prava-a-hospodarskeho-prava\/#breadcrumb\",\"itemListElement\":[{\"@type\":\"ListItem\",\"position\":1,\"name\":\"Home\",\"item\":\"https:\/\/bpf2023.flaw.uniba.sk\/\"},{\"@type\":\"ListItem\",\"position\":2,\"name\":\"Sekcia finan\u010dn\u00e9ho pr\u00e1va, obchodn\u00e9ho a hospod\u00e1rskeho pr\u00e1va a ekonomick\u00fdch vied\"}]},{\"@type\":\"WebSite\",\"@id\":\"https:\/\/bpf2023.flaw.uniba.sk\/#website\",\"url\":\"https:\/\/bpf2023.flaw.uniba.sk\/\",\"name\":\"BPF\",\"description\":\"\",\"publisher\":{\"@id\":\"https:\/\/bpf2023.flaw.uniba.sk\/#organization\"},\"potentialAction\":[{\"@type\":\"SearchAction\",\"target\":{\"@type\":\"EntryPoint\",\"urlTemplate\":\"https:\/\/bpf2023.flaw.uniba.sk\/?s={search_term_string}\"},\"query-input\":{\"@type\":\"PropertyValueSpecification\",\"valueRequired\":true,\"valueName\":\"search_term_string\"}}],\"inLanguage\":\"en-US\"},{\"@type\":\"Organization\",\"@id\":\"https:\/\/bpf2023.flaw.uniba.sk\/#organization\",\"name\":\"BPF\",\"url\":\"https:\/\/bpf2023.flaw.uniba.sk\/\",\"logo\":{\"@type\":\"ImageObject\",\"inLanguage\":\"en-US\",\"@id\":\"https:\/\/bpf2023.flaw.uniba.sk\/#\/schema\/logo\/image\/\",\"url\":\"https:\/\/bpf2023.flaw.uniba.sk\/wp-content\/uploads\/2023\/02\/sk-bpf-cb.png\",\"contentUrl\":\"https:\/\/bpf2023.flaw.uniba.sk\/wp-content\/uploads\/2023\/02\/sk-bpf-cb.png\",\"width\":3149,\"height\":1061,\"caption\":\"BPF\"},\"image\":{\"@id\":\"https:\/\/bpf2023.flaw.uniba.sk\/#\/schema\/logo\/image\/\"}}]}<\/script>\n<!-- \/ Yoast SEO plugin. -->","yoast_head_json":{"title":"Sekcia finan\u010dn\u00e9ho pr\u00e1va, obchodn\u00e9ho a hospod\u00e1rskeho pr\u00e1va a ekonomick\u00fdch vied - BPF","robots":{"index":"index","follow":"follow","max-snippet":"max-snippet:-1","max-image-preview":"max-image-preview:large","max-video-preview":"max-video-preview:-1"},"canonical":"https:\/\/bpf2023.flaw.uniba.sk\/en\/sekcia-obchodneho-prava-a-hospodarskeho-prava\/","og_locale":"en_US","og_type":"article","og_title":"Sekcia finan\u010dn\u00e9ho pr\u00e1va, obchodn\u00e9ho a hospod\u00e1rskeho pr\u00e1va a ekonomick\u00fdch vied - BPF","og_description":"Transparentnos\u0165 vo finan\u010dnom a obchodnom pr\u00e1ve Ot\u00e1zka transparentnosti \u00fazko s\u00favis\u00ed s transak\u010dn\u00fdmi n\u00e1kladmi pre jednotliv\u00fdch akt\u00e9rov na trhu. Je rozumn\u00fd predpoklad, \u017ee vy\u0161\u0161ia transparentnos\u0165 prispieva k zni\u017eovaniu transak\u010dn\u00fdch n\u00e1kladov a k posil\u0148ovaniu vz\u00e1jomnej d\u00f4very \u00fa\u010dastn\u00edkov pr\u00e1vnych vz\u0165ahov. Cie\u013eom sekcie je pon\u00faknu\u0165 priestor pr\u00edspevkom a \u00favah\u00e1m zameran\u00fdm na mapovanie pr\u00e1vneho v\u00fdvoja v oblasti finan\u010dn\u00e9ho pr\u00e1va a [&hellip;]","og_url":"https:\/\/bpf2023.flaw.uniba.sk\/en\/sekcia-obchodneho-prava-a-hospodarskeho-prava\/","og_site_name":"BPF","article_modified_time":"2023-06-19T08:12:01+00:00","twitter_card":"summary_large_image","twitter_misc":{"Est. reading time":"1 minute"},"schema":{"@context":"https:\/\/schema.org","@graph":[{"@type":"WebPage","@id":"https:\/\/bpf2023.flaw.uniba.sk\/sekcia-obchodneho-prava-a-hospodarskeho-prava\/","url":"https:\/\/bpf2023.flaw.uniba.sk\/sekcia-obchodneho-prava-a-hospodarskeho-prava\/","name":"Sekcia finan\u010dn\u00e9ho pr\u00e1va, obchodn\u00e9ho a hospod\u00e1rskeho pr\u00e1va a ekonomick\u00fdch vied - BPF","isPartOf":{"@id":"https:\/\/bpf2023.flaw.uniba.sk\/#website"},"datePublished":"2021-03-17T12:21:18+00:00","dateModified":"2023-06-19T08:12:01+00:00","breadcrumb":{"@id":"https:\/\/bpf2023.flaw.uniba.sk\/sekcia-obchodneho-prava-a-hospodarskeho-prava\/#breadcrumb"},"inLanguage":"en-US","potentialAction":[{"@type":"ReadAction","target":["https:\/\/bpf2023.flaw.uniba.sk\/sekcia-obchodneho-prava-a-hospodarskeho-prava\/"]}]},{"@type":"BreadcrumbList","@id":"https:\/\/bpf2023.flaw.uniba.sk\/sekcia-obchodneho-prava-a-hospodarskeho-prava\/#breadcrumb","itemListElement":[{"@type":"ListItem","position":1,"name":"Home","item":"https:\/\/bpf2023.flaw.uniba.sk\/"},{"@type":"ListItem","position":2,"name":"Sekcia finan\u010dn\u00e9ho pr\u00e1va, obchodn\u00e9ho a hospod\u00e1rskeho pr\u00e1va a ekonomick\u00fdch vied"}]},{"@type":"WebSite","@id":"https:\/\/bpf2023.flaw.uniba.sk\/#website","url":"https:\/\/bpf2023.flaw.uniba.sk\/","name":"BLF","description":"","publisher":{"@id":"https:\/\/bpf2023.flaw.uniba.sk\/#organization"},"potentialAction":[{"@type":"SearchAction","target":{"@type":"EntryPoint","urlTemplate":"https:\/\/bpf2023.flaw.uniba.sk\/?s={search_term_string}"},"query-input":{"@type":"PropertyValueSpecification","valueRequired":true,"valueName":"search_term_string"}}],"inLanguage":"en-US"},{"@type":"Organization","@id":"https:\/\/bpf2023.flaw.uniba.sk\/#organization","name":"BLF","url":"https:\/\/bpf2023.flaw.uniba.sk\/","logo":{"@type":"ImageObject","inLanguage":"en-US","@id":"https:\/\/bpf2023.flaw.uniba.sk\/#\/schema\/logo\/image\/","url":"https:\/\/bpf2023.flaw.uniba.sk\/wp-content\/uploads\/2023\/02\/sk-bpf-cb.png","contentUrl":"https:\/\/bpf2023.flaw.uniba.sk\/wp-content\/uploads\/2023\/02\/sk-bpf-cb.png","width":3149,"height":1061,"caption":"BPF"},"image":{"@id":"https:\/\/bpf2023.flaw.uniba.sk\/#\/schema\/logo\/image\/"}}]}},"_links":{"self":[{"href":"https:\/\/bpf2023.flaw.uniba.sk\/en\/wp-json\/wp\/v2\/pages\/379","targetHints":{"allow":["GET"]}}],"collection":[{"href":"https:\/\/bpf2023.flaw.uniba.sk\/en\/wp-json\/wp\/v2\/pages"}],"about":[{"href":"https:\/\/bpf2023.flaw.uniba.sk\/en\/wp-json\/wp\/v2\/types\/page"}],"author":[{"embeddable":true,"href":"https:\/\/bpf2023.flaw.uniba.sk\/en\/wp-json\/wp\/v2\/users\/2"}],"replies":[{"embeddable":true,"href":"https:\/\/bpf2023.flaw.uniba.sk\/en\/wp-json\/wp\/v2\/comments?post=379"}],"version-history":[{"count":4,"href":"https:\/\/bpf2023.flaw.uniba.sk\/en\/wp-json\/wp\/v2\/pages\/379\/revisions"}],"predecessor-version":[{"id":795,"href":"https:\/\/bpf2023.flaw.uniba.sk\/en\/wp-json\/wp\/v2\/pages\/379\/revisions\/795"}],"wp:attachment":[{"href":"https:\/\/bpf2023.flaw.uniba.sk\/en\/wp-json\/wp\/v2\/media?parent=379"}],"curies":[{"name":"wp","href":"https:\/\/api.w.org\/{rel}","templated":true}]}}