{"id":369,"date":"2021-03-17T13:19:16","date_gmt":"2021-03-17T12:19:16","guid":{"rendered":"https:\/\/bpf.flaw.uniba.sk\/?page_id=369"},"modified":"2023-08-15T13:11:23","modified_gmt":"2023-08-15T11:11:23","slug":"sekcia-spravneho-prava-2","status":"publish","type":"page","link":"https:\/\/bpf2023.flaw.uniba.sk\/en\/sekcia-spravneho-prava-2\/","title":{"rendered":"Administrative Law section"},"content":{"rendered":"<h2 class=\"wp-block-heading alignwide has-text-align-center\"><strong>Guarantees of the Application of Principles of the Rule of Law in Public Administration<\/strong><\/h2>\n\n\n\n<p>The section deals with legal guarantees of the application of the principles of the rule of law in public administration at various levels. Such guarantees include, for example, the system of principles of good public administration, system of remedies in administrative proceedings, tools of internal and external control of public administration, legal instruments aimed at preventing inaction in public administration, but also accountability mechanisms in public administration.<\/p>\n\n\n\n<p><strong>Professional partner of the section:<\/strong><\/p>\n\n\n\n<figure class=\"wp-block-image size-large is-resized\"><img fetchpriority=\"high\" decoding=\"async\" src=\"https:\/\/bpf.flaw.uniba.sk\/wp-content\/uploads\/2023\/08\/najvyssi-spravny-sud-02-2-1024x535.png\" alt=\"\" class=\"wp-image-875\" style=\"width:373px;height:195px\" width=\"373\" height=\"195\" srcset=\"https:\/\/bpf2023.flaw.uniba.sk\/wp-content\/uploads\/2023\/08\/najvyssi-spravny-sud-02-2-1024x535.png 1024w, https:\/\/bpf2023.flaw.uniba.sk\/wp-content\/uploads\/2023\/08\/najvyssi-spravny-sud-02-2-300x157.png 300w, https:\/\/bpf2023.flaw.uniba.sk\/wp-content\/uploads\/2023\/08\/najvyssi-spravny-sud-02-2-768x401.png 768w, https:\/\/bpf2023.flaw.uniba.sk\/wp-content\/uploads\/2023\/08\/najvyssi-spravny-sud-02-2-1536x802.png 1536w, https:\/\/bpf2023.flaw.uniba.sk\/wp-content\/uploads\/2023\/08\/najvyssi-spravny-sud-02-2-2048x1070.png 2048w, https:\/\/bpf2023.flaw.uniba.sk\/wp-content\/uploads\/2023\/08\/najvyssi-spravny-sud-02-2-18x9.png 18w, https:\/\/bpf2023.flaw.uniba.sk\/wp-content\/uploads\/2023\/08\/najvyssi-spravny-sud-02-2-1200x627.png 1200w, https:\/\/bpf2023.flaw.uniba.sk\/wp-content\/uploads\/2023\/08\/najvyssi-spravny-sud-02-2-1980x1034.png 1980w\" sizes=\"(max-width: 373px) 100vw, 373px\" \/><\/figure>\n\n\n\n<p><strong>Guarantors of the section:<\/strong><\/p>\n\n\n\n<p>doc. Mgr. J\u00e1n \u0160krob\u00e1k, PhD.<\/p>\n\n\n\n<p>prof. Mgr. Yuliia Vashchenko, PhD.<\/p>","protected":false},"excerpt":{"rendered":"<p>Garancie uplat\u0148ovania princ\u00edpov pr\u00e1vneho \u0161t\u00e1tu vo verejnej spr\u00e1ve Sekcia sa zaober\u00e1 v r\u00f4znych rovin\u00e1ch pr\u00e1vnymi z\u00e1rukami uplat\u0148ovania princ\u00edpov pr\u00e1vneho \u0161t\u00e1tu vo verejnej spr\u00e1ve. Medzi tak\u00e9to garancie patr\u00ed napr\u00edklad syst\u00e9m princ\u00edpov dobrej verejnej spr\u00e1vy, syst\u00e9m opravn\u00fdch prostriedkov v spr\u00e1vnom konan\u00ed, n\u00e1stroje vn\u00fatornej a vonkaj\u0161ej kontroly verejnej spr\u00e1vy, pr\u00e1vne n\u00e1stroje zameran\u00e9 na predch\u00e1dzanie ne\u010dinnosti vo verejnej spr\u00e1ve, [&hellip;]<\/p>\n","protected":false},"author":2,"featured_media":0,"parent":0,"menu_order":0,"comment_status":"closed","ping_status":"closed","template":"","meta":{"ngg_post_thumbnail":0,"footnotes":""},"class_list":["post-369","page","type-page","status-publish","hentry"],"yoast_head":"<!-- This site is optimized with the Yoast SEO plugin v27.2 - https:\/\/yoast.com\/product\/yoast-seo-wordpress\/ -->\n<title>Sekcia spr\u00e1vneho pr\u00e1va - BPF<\/title>\n<meta name=\"robots\" content=\"index, follow, max-snippet:-1, max-image-preview:large, max-video-preview:-1\" \/>\n<link rel=\"canonical\" href=\"https:\/\/bpf2023.flaw.uniba.sk\/en\/sekcia-spravneho-prava-2\/\" \/>\n<meta property=\"og:locale\" content=\"en_US\" \/>\n<meta property=\"og:type\" content=\"article\" \/>\n<meta property=\"og:title\" content=\"Sekcia spr\u00e1vneho pr\u00e1va - BPF\" \/>\n<meta property=\"og:description\" content=\"Garancie uplat\u0148ovania princ\u00edpov pr\u00e1vneho \u0161t\u00e1tu vo verejnej spr\u00e1ve Sekcia sa zaober\u00e1 v r\u00f4znych rovin\u00e1ch pr\u00e1vnymi z\u00e1rukami uplat\u0148ovania princ\u00edpov pr\u00e1vneho \u0161t\u00e1tu vo verejnej spr\u00e1ve. Medzi tak\u00e9to garancie patr\u00ed napr\u00edklad syst\u00e9m princ\u00edpov dobrej verejnej spr\u00e1vy, syst\u00e9m opravn\u00fdch prostriedkov v spr\u00e1vnom konan\u00ed, n\u00e1stroje vn\u00fatornej a vonkaj\u0161ej kontroly verejnej spr\u00e1vy, pr\u00e1vne n\u00e1stroje zameran\u00e9 na predch\u00e1dzanie ne\u010dinnosti vo verejnej spr\u00e1ve, [&hellip;]\" \/>\n<meta property=\"og:url\" content=\"https:\/\/bpf2023.flaw.uniba.sk\/en\/sekcia-spravneho-prava-2\/\" \/>\n<meta property=\"og:site_name\" content=\"BPF\" \/>\n<meta property=\"article:modified_time\" content=\"2023-08-15T11:11:23+00:00\" \/>\n<meta property=\"og:image\" content=\"https:\/\/bpf.flaw.uniba.sk\/wp-content\/uploads\/2023\/08\/najvyssi-spravny-sud-02-2-1024x535.png\" \/>\n<meta name=\"twitter:card\" content=\"summary_large_image\" \/>\n<meta name=\"twitter:label1\" content=\"Est. reading time\" \/>\n\t<meta name=\"twitter:data1\" content=\"1 minute\" \/>\n<script type=\"application\/ld+json\" class=\"yoast-schema-graph\">{\"@context\":\"https:\/\/schema.org\",\"@graph\":[{\"@type\":\"WebPage\",\"@id\":\"https:\/\/bpf2023.flaw.uniba.sk\/sekcia-spravneho-prava-2\/\",\"url\":\"https:\/\/bpf2023.flaw.uniba.sk\/sekcia-spravneho-prava-2\/\",\"name\":\"Sekcia spr\u00e1vneho pr\u00e1va - BPF\",\"isPartOf\":{\"@id\":\"https:\/\/bpf2023.flaw.uniba.sk\/#website\"},\"primaryImageOfPage\":{\"@id\":\"https:\/\/bpf2023.flaw.uniba.sk\/sekcia-spravneho-prava-2\/#primaryimage\"},\"image\":{\"@id\":\"https:\/\/bpf2023.flaw.uniba.sk\/sekcia-spravneho-prava-2\/#primaryimage\"},\"thumbnailUrl\":\"https:\/\/bpf.flaw.uniba.sk\/wp-content\/uploads\/2023\/08\/najvyssi-spravny-sud-02-2-1024x535.png\",\"datePublished\":\"2021-03-17T12:19:16+00:00\",\"dateModified\":\"2023-08-15T11:11:23+00:00\",\"breadcrumb\":{\"@id\":\"https:\/\/bpf2023.flaw.uniba.sk\/sekcia-spravneho-prava-2\/#breadcrumb\"},\"inLanguage\":\"en-US\",\"potentialAction\":[{\"@type\":\"ReadAction\",\"target\":[\"https:\/\/bpf2023.flaw.uniba.sk\/sekcia-spravneho-prava-2\/\"]}]},{\"@type\":\"ImageObject\",\"inLanguage\":\"en-US\",\"@id\":\"https:\/\/bpf2023.flaw.uniba.sk\/sekcia-spravneho-prava-2\/#primaryimage\",\"url\":\"https:\/\/bpf.flaw.uniba.sk\/wp-content\/uploads\/2023\/08\/najvyssi-spravny-sud-02-2-1024x535.png\",\"contentUrl\":\"https:\/\/bpf.flaw.uniba.sk\/wp-content\/uploads\/2023\/08\/najvyssi-spravny-sud-02-2-1024x535.png\"},{\"@type\":\"BreadcrumbList\",\"@id\":\"https:\/\/bpf2023.flaw.uniba.sk\/sekcia-spravneho-prava-2\/#breadcrumb\",\"itemListElement\":[{\"@type\":\"ListItem\",\"position\":1,\"name\":\"Home\",\"item\":\"https:\/\/bpf2023.flaw.uniba.sk\/\"},{\"@type\":\"ListItem\",\"position\":2,\"name\":\"Sekcia spr\u00e1vneho pr\u00e1va\"}]},{\"@type\":\"WebSite\",\"@id\":\"https:\/\/bpf2023.flaw.uniba.sk\/#website\",\"url\":\"https:\/\/bpf2023.flaw.uniba.sk\/\",\"name\":\"BPF\",\"description\":\"\",\"publisher\":{\"@id\":\"https:\/\/bpf2023.flaw.uniba.sk\/#organization\"},\"potentialAction\":[{\"@type\":\"SearchAction\",\"target\":{\"@type\":\"EntryPoint\",\"urlTemplate\":\"https:\/\/bpf2023.flaw.uniba.sk\/?s={search_term_string}\"},\"query-input\":{\"@type\":\"PropertyValueSpecification\",\"valueRequired\":true,\"valueName\":\"search_term_string\"}}],\"inLanguage\":\"en-US\"},{\"@type\":\"Organization\",\"@id\":\"https:\/\/bpf2023.flaw.uniba.sk\/#organization\",\"name\":\"BPF\",\"url\":\"https:\/\/bpf2023.flaw.uniba.sk\/\",\"logo\":{\"@type\":\"ImageObject\",\"inLanguage\":\"en-US\",\"@id\":\"https:\/\/bpf2023.flaw.uniba.sk\/#\/schema\/logo\/image\/\",\"url\":\"https:\/\/bpf2023.flaw.uniba.sk\/wp-content\/uploads\/2023\/02\/sk-bpf-cb.png\",\"contentUrl\":\"https:\/\/bpf2023.flaw.uniba.sk\/wp-content\/uploads\/2023\/02\/sk-bpf-cb.png\",\"width\":3149,\"height\":1061,\"caption\":\"BPF\"},\"image\":{\"@id\":\"https:\/\/bpf2023.flaw.uniba.sk\/#\/schema\/logo\/image\/\"}}]}<\/script>\n<!-- \/ Yoast SEO plugin. -->","yoast_head_json":{"title":"Sekcia spr\u00e1vneho pr\u00e1va - BPF","robots":{"index":"index","follow":"follow","max-snippet":"max-snippet:-1","max-image-preview":"max-image-preview:large","max-video-preview":"max-video-preview:-1"},"canonical":"https:\/\/bpf2023.flaw.uniba.sk\/en\/sekcia-spravneho-prava-2\/","og_locale":"en_US","og_type":"article","og_title":"Sekcia spr\u00e1vneho pr\u00e1va - BPF","og_description":"Garancie uplat\u0148ovania princ\u00edpov pr\u00e1vneho \u0161t\u00e1tu vo verejnej spr\u00e1ve Sekcia sa zaober\u00e1 v r\u00f4znych rovin\u00e1ch pr\u00e1vnymi z\u00e1rukami uplat\u0148ovania princ\u00edpov pr\u00e1vneho \u0161t\u00e1tu vo verejnej spr\u00e1ve. Medzi tak\u00e9to garancie patr\u00ed napr\u00edklad syst\u00e9m princ\u00edpov dobrej verejnej spr\u00e1vy, syst\u00e9m opravn\u00fdch prostriedkov v spr\u00e1vnom konan\u00ed, n\u00e1stroje vn\u00fatornej a vonkaj\u0161ej kontroly verejnej spr\u00e1vy, pr\u00e1vne n\u00e1stroje zameran\u00e9 na predch\u00e1dzanie ne\u010dinnosti vo verejnej spr\u00e1ve, [&hellip;]","og_url":"https:\/\/bpf2023.flaw.uniba.sk\/en\/sekcia-spravneho-prava-2\/","og_site_name":"BPF","article_modified_time":"2023-08-15T11:11:23+00:00","og_image":[{"url":"https:\/\/bpf.flaw.uniba.sk\/wp-content\/uploads\/2023\/08\/najvyssi-spravny-sud-02-2-1024x535.png","type":"","width":"","height":""}],"twitter_card":"summary_large_image","twitter_misc":{"Est. reading time":"1 minute"},"schema":{"@context":"https:\/\/schema.org","@graph":[{"@type":"WebPage","@id":"https:\/\/bpf2023.flaw.uniba.sk\/sekcia-spravneho-prava-2\/","url":"https:\/\/bpf2023.flaw.uniba.sk\/sekcia-spravneho-prava-2\/","name":"Sekcia spr\u00e1vneho pr\u00e1va - BPF","isPartOf":{"@id":"https:\/\/bpf2023.flaw.uniba.sk\/#website"},"primaryImageOfPage":{"@id":"https:\/\/bpf2023.flaw.uniba.sk\/sekcia-spravneho-prava-2\/#primaryimage"},"image":{"@id":"https:\/\/bpf2023.flaw.uniba.sk\/sekcia-spravneho-prava-2\/#primaryimage"},"thumbnailUrl":"https:\/\/bpf.flaw.uniba.sk\/wp-content\/uploads\/2023\/08\/najvyssi-spravny-sud-02-2-1024x535.png","datePublished":"2021-03-17T12:19:16+00:00","dateModified":"2023-08-15T11:11:23+00:00","breadcrumb":{"@id":"https:\/\/bpf2023.flaw.uniba.sk\/sekcia-spravneho-prava-2\/#breadcrumb"},"inLanguage":"en-US","potentialAction":[{"@type":"ReadAction","target":["https:\/\/bpf2023.flaw.uniba.sk\/sekcia-spravneho-prava-2\/"]}]},{"@type":"ImageObject","inLanguage":"en-US","@id":"https:\/\/bpf2023.flaw.uniba.sk\/sekcia-spravneho-prava-2\/#primaryimage","url":"https:\/\/bpf.flaw.uniba.sk\/wp-content\/uploads\/2023\/08\/najvyssi-spravny-sud-02-2-1024x535.png","contentUrl":"https:\/\/bpf.flaw.uniba.sk\/wp-content\/uploads\/2023\/08\/najvyssi-spravny-sud-02-2-1024x535.png"},{"@type":"BreadcrumbList","@id":"https:\/\/bpf2023.flaw.uniba.sk\/sekcia-spravneho-prava-2\/#breadcrumb","itemListElement":[{"@type":"ListItem","position":1,"name":"Home","item":"https:\/\/bpf2023.flaw.uniba.sk\/"},{"@type":"ListItem","position":2,"name":"Sekcia spr\u00e1vneho pr\u00e1va"}]},{"@type":"WebSite","@id":"https:\/\/bpf2023.flaw.uniba.sk\/#website","url":"https:\/\/bpf2023.flaw.uniba.sk\/","name":"BLF","description":"","publisher":{"@id":"https:\/\/bpf2023.flaw.uniba.sk\/#organization"},"potentialAction":[{"@type":"SearchAction","target":{"@type":"EntryPoint","urlTemplate":"https:\/\/bpf2023.flaw.uniba.sk\/?s={search_term_string}"},"query-input":{"@type":"PropertyValueSpecification","valueRequired":true,"valueName":"search_term_string"}}],"inLanguage":"en-US"},{"@type":"Organization","@id":"https:\/\/bpf2023.flaw.uniba.sk\/#organization","name":"BLF","url":"https:\/\/bpf2023.flaw.uniba.sk\/","logo":{"@type":"ImageObject","inLanguage":"en-US","@id":"https:\/\/bpf2023.flaw.uniba.sk\/#\/schema\/logo\/image\/","url":"https:\/\/bpf2023.flaw.uniba.sk\/wp-content\/uploads\/2023\/02\/sk-bpf-cb.png","contentUrl":"https:\/\/bpf2023.flaw.uniba.sk\/wp-content\/uploads\/2023\/02\/sk-bpf-cb.png","width":3149,"height":1061,"caption":"BPF"},"image":{"@id":"https:\/\/bpf2023.flaw.uniba.sk\/#\/schema\/logo\/image\/"}}]}},"_links":{"self":[{"href":"https:\/\/bpf2023.flaw.uniba.sk\/en\/wp-json\/wp\/v2\/pages\/369","targetHints":{"allow":["GET"]}}],"collection":[{"href":"https:\/\/bpf2023.flaw.uniba.sk\/en\/wp-json\/wp\/v2\/pages"}],"about":[{"href":"https:\/\/bpf2023.flaw.uniba.sk\/en\/wp-json\/wp\/v2\/types\/page"}],"author":[{"embeddable":true,"href":"https:\/\/bpf2023.flaw.uniba.sk\/en\/wp-json\/wp\/v2\/users\/2"}],"replies":[{"embeddable":true,"href":"https:\/\/bpf2023.flaw.uniba.sk\/en\/wp-json\/wp\/v2\/comments?post=369"}],"version-history":[{"count":7,"href":"https:\/\/bpf2023.flaw.uniba.sk\/en\/wp-json\/wp\/v2\/pages\/369\/revisions"}],"predecessor-version":[{"id":876,"href":"https:\/\/bpf2023.flaw.uniba.sk\/en\/wp-json\/wp\/v2\/pages\/369\/revisions\/876"}],"wp:attachment":[{"href":"https:\/\/bpf2023.flaw.uniba.sk\/en\/wp-json\/wp\/v2\/media?parent=369"}],"curies":[{"name":"wp","href":"https:\/\/api.w.org\/{rel}","templated":true}]}}