{"id":320,"date":"2021-03-17T12:57:39","date_gmt":"2021-03-17T11:57:39","guid":{"rendered":"https:\/\/bpf.flaw.uniba.sk\/?page_id=320"},"modified":"2023-08-14T13:54:45","modified_gmt":"2023-08-14T11:54:45","slug":"sekcia-trestneho-prava","status":"publish","type":"page","link":"https:\/\/bpf2023.flaw.uniba.sk\/en\/sekcia-trestneho-prava\/","title":{"rendered":"Criminal Law, Criminology and Criminalistics Section"},"content":{"rendered":"<h2 class=\"wp-block-heading alignwide has-text-align-center\">Current Challenges of Criminal Law <\/h2>\n\n\n\n<p class=\"has-drop-cap\">Within the criminal law section, attention will be paid to current issues of substantive criminal law and procedural criminal law from the theoretical and application points of view. Attention will also be paid to proposed amendments to the Criminal Code and the Criminal Procedure Code. Special focus will be paid to the effectiveness of preliminary proceedings from the point of view of the proceedings of law enforcement authorities, their decision-making and the use of alternatives to criminal prosecution. Deficiencies in their procedure will also be identified and topics for possible changes in cases-in-chief in preliminary proceedings will be proposed.<\/p>\n\n\n\n<p><strong>Professional partner of the section:<\/strong><\/p>\n\n\n\n<p>Trestnopr\u00e1vne kol\u00e9gium Najvy\u0161\u0161ieho s\u00fadu SR<\/p>\n\n\n\n<figure class=\"wp-block-image size-full\"><img fetchpriority=\"high\" decoding=\"async\" width=\"549\" height=\"92\" src=\"https:\/\/bpf.flaw.uniba.sk\/wp-content\/uploads\/2023\/08\/NS-SR.png\" alt=\"\" class=\"wp-image-854\" srcset=\"https:\/\/bpf2023.flaw.uniba.sk\/wp-content\/uploads\/2023\/08\/NS-SR.png 549w, https:\/\/bpf2023.flaw.uniba.sk\/wp-content\/uploads\/2023\/08\/NS-SR-300x50.png 300w, https:\/\/bpf2023.flaw.uniba.sk\/wp-content\/uploads\/2023\/08\/NS-SR-18x3.png 18w\" sizes=\"(max-width: 549px) 100vw, 549px\" \/><\/figure>\n\n\n\n<p><strong>Guarantors of the section:<\/strong><\/p>\n\n\n\n<p>prof. JUDr. Jozef \u010cent\u00e9\u0161, PhD.<\/p>\n\n\n\n<p>Dr.h.c. prof. JUDr. Lucia Kurilovsk\u00e1, PhD.<\/p>","protected":false},"excerpt":{"rendered":"<p>Aktu\u00e1lne v\u00fdzvy trestn\u00e9ho pr\u00e1va V r\u00e1mci sekcie trestn\u00e9ho pr\u00e1va venujeme pozornos\u0165 aktu\u00e1lnym probl\u00e9mom trestn\u00e9ho pr\u00e1va hmotn\u00e9ho a trestn\u00e9ho pr\u00e1va procesn\u00e9ho z h\u013eadiska te\u00f3rie a aplika\u010dnej praxe. Pozornos\u0165 zamerame aj n\u00e1vrhom noviel Trestn\u00e9ho z\u00e1kona a Trestn\u00e9ho poriadku. Osobitn\u00e1 pozornos\u0165 bude venovan\u00e1 efektivite pr\u00edpravn\u00e9ho konania z poh\u013eadu postupu, najm\u00e4 org\u00e1nov \u010dinn\u00fdch v trestnom konan\u00ed, ich rozhodovania a [&hellip;]<\/p>\n","protected":false},"author":2,"featured_media":0,"parent":0,"menu_order":0,"comment_status":"closed","ping_status":"closed","template":"","meta":{"ngg_post_thumbnail":0,"footnotes":""},"class_list":["post-320","page","type-page","status-publish","hentry"],"yoast_head":"<!-- This site is optimized with the Yoast SEO plugin v27.2 - https:\/\/yoast.com\/product\/yoast-seo-wordpress\/ -->\n<title>Sekcia trestn\u00e9ho pr\u00e1va, kriminol\u00f3gie a kriminalistiky - BPF<\/title>\n<meta name=\"robots\" content=\"index, follow, max-snippet:-1, max-image-preview:large, max-video-preview:-1\" \/>\n<link rel=\"canonical\" href=\"https:\/\/bpf2023.flaw.uniba.sk\/en\/sekcia-trestneho-prava\/\" \/>\n<meta property=\"og:locale\" content=\"en_US\" \/>\n<meta property=\"og:type\" content=\"article\" \/>\n<meta property=\"og:title\" content=\"Sekcia trestn\u00e9ho pr\u00e1va, kriminol\u00f3gie a kriminalistiky - BPF\" \/>\n<meta property=\"og:description\" content=\"Aktu\u00e1lne v\u00fdzvy trestn\u00e9ho pr\u00e1va V r\u00e1mci sekcie trestn\u00e9ho pr\u00e1va venujeme pozornos\u0165 aktu\u00e1lnym probl\u00e9mom trestn\u00e9ho pr\u00e1va hmotn\u00e9ho a trestn\u00e9ho pr\u00e1va procesn\u00e9ho z h\u013eadiska te\u00f3rie a aplika\u010dnej praxe. Pozornos\u0165 zamerame aj n\u00e1vrhom noviel Trestn\u00e9ho z\u00e1kona a Trestn\u00e9ho poriadku. Osobitn\u00e1 pozornos\u0165 bude venovan\u00e1 efektivite pr\u00edpravn\u00e9ho konania z poh\u013eadu postupu, najm\u00e4 org\u00e1nov \u010dinn\u00fdch v trestnom konan\u00ed, ich rozhodovania a [&hellip;]\" \/>\n<meta property=\"og:url\" content=\"https:\/\/bpf2023.flaw.uniba.sk\/en\/sekcia-trestneho-prava\/\" \/>\n<meta property=\"og:site_name\" content=\"BPF\" \/>\n<meta property=\"article:modified_time\" content=\"2023-08-14T11:54:45+00:00\" \/>\n<meta property=\"og:image\" content=\"https:\/\/bpf.flaw.uniba.sk\/wp-content\/uploads\/2023\/08\/NS-SR.png\" \/>\n<meta name=\"twitter:card\" content=\"summary_large_image\" \/>\n<meta name=\"twitter:label1\" content=\"Est. reading time\" \/>\n\t<meta name=\"twitter:data1\" content=\"1 minute\" \/>\n<script type=\"application\/ld+json\" class=\"yoast-schema-graph\">{\"@context\":\"https:\/\/schema.org\",\"@graph\":[{\"@type\":\"WebPage\",\"@id\":\"https:\/\/bpf2023.flaw.uniba.sk\/sekcia-trestneho-prava\/\",\"url\":\"https:\/\/bpf2023.flaw.uniba.sk\/sekcia-trestneho-prava\/\",\"name\":\"Sekcia trestn\u00e9ho pr\u00e1va, kriminol\u00f3gie a kriminalistiky - BPF\",\"isPartOf\":{\"@id\":\"https:\/\/bpf2023.flaw.uniba.sk\/#website\"},\"primaryImageOfPage\":{\"@id\":\"https:\/\/bpf2023.flaw.uniba.sk\/sekcia-trestneho-prava\/#primaryimage\"},\"image\":{\"@id\":\"https:\/\/bpf2023.flaw.uniba.sk\/sekcia-trestneho-prava\/#primaryimage\"},\"thumbnailUrl\":\"https:\/\/bpf.flaw.uniba.sk\/wp-content\/uploads\/2023\/08\/NS-SR.png\",\"datePublished\":\"2021-03-17T11:57:39+00:00\",\"dateModified\":\"2023-08-14T11:54:45+00:00\",\"breadcrumb\":{\"@id\":\"https:\/\/bpf2023.flaw.uniba.sk\/sekcia-trestneho-prava\/#breadcrumb\"},\"inLanguage\":\"en-US\",\"potentialAction\":[{\"@type\":\"ReadAction\",\"target\":[\"https:\/\/bpf2023.flaw.uniba.sk\/sekcia-trestneho-prava\/\"]}]},{\"@type\":\"ImageObject\",\"inLanguage\":\"en-US\",\"@id\":\"https:\/\/bpf2023.flaw.uniba.sk\/sekcia-trestneho-prava\/#primaryimage\",\"url\":\"https:\/\/bpf.flaw.uniba.sk\/wp-content\/uploads\/2023\/08\/NS-SR.png\",\"contentUrl\":\"https:\/\/bpf.flaw.uniba.sk\/wp-content\/uploads\/2023\/08\/NS-SR.png\"},{\"@type\":\"BreadcrumbList\",\"@id\":\"https:\/\/bpf2023.flaw.uniba.sk\/sekcia-trestneho-prava\/#breadcrumb\",\"itemListElement\":[{\"@type\":\"ListItem\",\"position\":1,\"name\":\"Home\",\"item\":\"https:\/\/bpf2023.flaw.uniba.sk\/\"},{\"@type\":\"ListItem\",\"position\":2,\"name\":\"Sekcia trestn\u00e9ho pr\u00e1va, kriminol\u00f3gie a kriminalistiky\"}]},{\"@type\":\"WebSite\",\"@id\":\"https:\/\/bpf2023.flaw.uniba.sk\/#website\",\"url\":\"https:\/\/bpf2023.flaw.uniba.sk\/\",\"name\":\"BPF\",\"description\":\"\",\"publisher\":{\"@id\":\"https:\/\/bpf2023.flaw.uniba.sk\/#organization\"},\"potentialAction\":[{\"@type\":\"SearchAction\",\"target\":{\"@type\":\"EntryPoint\",\"urlTemplate\":\"https:\/\/bpf2023.flaw.uniba.sk\/?s={search_term_string}\"},\"query-input\":{\"@type\":\"PropertyValueSpecification\",\"valueRequired\":true,\"valueName\":\"search_term_string\"}}],\"inLanguage\":\"en-US\"},{\"@type\":\"Organization\",\"@id\":\"https:\/\/bpf2023.flaw.uniba.sk\/#organization\",\"name\":\"BPF\",\"url\":\"https:\/\/bpf2023.flaw.uniba.sk\/\",\"logo\":{\"@type\":\"ImageObject\",\"inLanguage\":\"en-US\",\"@id\":\"https:\/\/bpf2023.flaw.uniba.sk\/#\/schema\/logo\/image\/\",\"url\":\"https:\/\/bpf2023.flaw.uniba.sk\/wp-content\/uploads\/2023\/02\/sk-bpf-cb.png\",\"contentUrl\":\"https:\/\/bpf2023.flaw.uniba.sk\/wp-content\/uploads\/2023\/02\/sk-bpf-cb.png\",\"width\":3149,\"height\":1061,\"caption\":\"BPF\"},\"image\":{\"@id\":\"https:\/\/bpf2023.flaw.uniba.sk\/#\/schema\/logo\/image\/\"}}]}<\/script>\n<!-- \/ Yoast SEO plugin. -->","yoast_head_json":{"title":"Sekcia trestn\u00e9ho pr\u00e1va, kriminol\u00f3gie a kriminalistiky - BPF","robots":{"index":"index","follow":"follow","max-snippet":"max-snippet:-1","max-image-preview":"max-image-preview:large","max-video-preview":"max-video-preview:-1"},"canonical":"https:\/\/bpf2023.flaw.uniba.sk\/en\/sekcia-trestneho-prava\/","og_locale":"en_US","og_type":"article","og_title":"Sekcia trestn\u00e9ho pr\u00e1va, kriminol\u00f3gie a kriminalistiky - BPF","og_description":"Aktu\u00e1lne v\u00fdzvy trestn\u00e9ho pr\u00e1va V r\u00e1mci sekcie trestn\u00e9ho pr\u00e1va venujeme pozornos\u0165 aktu\u00e1lnym probl\u00e9mom trestn\u00e9ho pr\u00e1va hmotn\u00e9ho a trestn\u00e9ho pr\u00e1va procesn\u00e9ho z h\u013eadiska te\u00f3rie a aplika\u010dnej praxe. Pozornos\u0165 zamerame aj n\u00e1vrhom noviel Trestn\u00e9ho z\u00e1kona a Trestn\u00e9ho poriadku. Osobitn\u00e1 pozornos\u0165 bude venovan\u00e1 efektivite pr\u00edpravn\u00e9ho konania z poh\u013eadu postupu, najm\u00e4 org\u00e1nov \u010dinn\u00fdch v trestnom konan\u00ed, ich rozhodovania a [&hellip;]","og_url":"https:\/\/bpf2023.flaw.uniba.sk\/en\/sekcia-trestneho-prava\/","og_site_name":"BPF","article_modified_time":"2023-08-14T11:54:45+00:00","og_image":[{"url":"https:\/\/bpf.flaw.uniba.sk\/wp-content\/uploads\/2023\/08\/NS-SR.png","type":"","width":"","height":""}],"twitter_card":"summary_large_image","twitter_misc":{"Est. reading time":"1 minute"},"schema":{"@context":"https:\/\/schema.org","@graph":[{"@type":"WebPage","@id":"https:\/\/bpf2023.flaw.uniba.sk\/sekcia-trestneho-prava\/","url":"https:\/\/bpf2023.flaw.uniba.sk\/sekcia-trestneho-prava\/","name":"Sekcia trestn\u00e9ho pr\u00e1va, kriminol\u00f3gie a kriminalistiky - BPF","isPartOf":{"@id":"https:\/\/bpf2023.flaw.uniba.sk\/#website"},"primaryImageOfPage":{"@id":"https:\/\/bpf2023.flaw.uniba.sk\/sekcia-trestneho-prava\/#primaryimage"},"image":{"@id":"https:\/\/bpf2023.flaw.uniba.sk\/sekcia-trestneho-prava\/#primaryimage"},"thumbnailUrl":"https:\/\/bpf.flaw.uniba.sk\/wp-content\/uploads\/2023\/08\/NS-SR.png","datePublished":"2021-03-17T11:57:39+00:00","dateModified":"2023-08-14T11:54:45+00:00","breadcrumb":{"@id":"https:\/\/bpf2023.flaw.uniba.sk\/sekcia-trestneho-prava\/#breadcrumb"},"inLanguage":"en-US","potentialAction":[{"@type":"ReadAction","target":["https:\/\/bpf2023.flaw.uniba.sk\/sekcia-trestneho-prava\/"]}]},{"@type":"ImageObject","inLanguage":"en-US","@id":"https:\/\/bpf2023.flaw.uniba.sk\/sekcia-trestneho-prava\/#primaryimage","url":"https:\/\/bpf.flaw.uniba.sk\/wp-content\/uploads\/2023\/08\/NS-SR.png","contentUrl":"https:\/\/bpf.flaw.uniba.sk\/wp-content\/uploads\/2023\/08\/NS-SR.png"},{"@type":"BreadcrumbList","@id":"https:\/\/bpf2023.flaw.uniba.sk\/sekcia-trestneho-prava\/#breadcrumb","itemListElement":[{"@type":"ListItem","position":1,"name":"Home","item":"https:\/\/bpf2023.flaw.uniba.sk\/"},{"@type":"ListItem","position":2,"name":"Sekcia trestn\u00e9ho pr\u00e1va, kriminol\u00f3gie a kriminalistiky"}]},{"@type":"WebSite","@id":"https:\/\/bpf2023.flaw.uniba.sk\/#website","url":"https:\/\/bpf2023.flaw.uniba.sk\/","name":"BLF","description":"","publisher":{"@id":"https:\/\/bpf2023.flaw.uniba.sk\/#organization"},"potentialAction":[{"@type":"SearchAction","target":{"@type":"EntryPoint","urlTemplate":"https:\/\/bpf2023.flaw.uniba.sk\/?s={search_term_string}"},"query-input":{"@type":"PropertyValueSpecification","valueRequired":true,"valueName":"search_term_string"}}],"inLanguage":"en-US"},{"@type":"Organization","@id":"https:\/\/bpf2023.flaw.uniba.sk\/#organization","name":"BLF","url":"https:\/\/bpf2023.flaw.uniba.sk\/","logo":{"@type":"ImageObject","inLanguage":"en-US","@id":"https:\/\/bpf2023.flaw.uniba.sk\/#\/schema\/logo\/image\/","url":"https:\/\/bpf2023.flaw.uniba.sk\/wp-content\/uploads\/2023\/02\/sk-bpf-cb.png","contentUrl":"https:\/\/bpf2023.flaw.uniba.sk\/wp-content\/uploads\/2023\/02\/sk-bpf-cb.png","width":3149,"height":1061,"caption":"BPF"},"image":{"@id":"https:\/\/bpf2023.flaw.uniba.sk\/#\/schema\/logo\/image\/"}}]}},"_links":{"self":[{"href":"https:\/\/bpf2023.flaw.uniba.sk\/en\/wp-json\/wp\/v2\/pages\/320","targetHints":{"allow":["GET"]}}],"collection":[{"href":"https:\/\/bpf2023.flaw.uniba.sk\/en\/wp-json\/wp\/v2\/pages"}],"about":[{"href":"https:\/\/bpf2023.flaw.uniba.sk\/en\/wp-json\/wp\/v2\/types\/page"}],"author":[{"embeddable":true,"href":"https:\/\/bpf2023.flaw.uniba.sk\/en\/wp-json\/wp\/v2\/users\/2"}],"replies":[{"embeddable":true,"href":"https:\/\/bpf2023.flaw.uniba.sk\/en\/wp-json\/wp\/v2\/comments?post=320"}],"version-history":[{"count":7,"href":"https:\/\/bpf2023.flaw.uniba.sk\/en\/wp-json\/wp\/v2\/pages\/320\/revisions"}],"predecessor-version":[{"id":857,"href":"https:\/\/bpf2023.flaw.uniba.sk\/en\/wp-json\/wp\/v2\/pages\/320\/revisions\/857"}],"wp:attachment":[{"href":"https:\/\/bpf2023.flaw.uniba.sk\/en\/wp-json\/wp\/v2\/media?parent=320"}],"curies":[{"name":"wp","href":"https:\/\/api.w.org\/{rel}","templated":true}]}}